{"id":132,"date":"2016-12-26T14:12:18","date_gmt":"2016-12-26T14:12:18","guid":{"rendered":"https:\/\/psykologvirke.wpengine.com\/?page_id=132"},"modified":"2024-10-03T10:00:07","modified_gmt":"2024-10-03T08:00:07","slug":"behandling-av-utbrenthet","status":"publish","type":"page","link":"https:\/\/psykologvirke.no\/en\/therapy-oslo\/treatment-of-burnout\/","title":{"rendered":"Treatment for Burnout with a Psychologist in Oslo - When you Hit the Wall"},"content":{"rendered":"<p>Here you can learn more about burnout and what you can expect if you contact us for burnout therapy \u2013 when you have met, or are about to meet, the famous wall. <\/p>\n\n\n\n<p>If you have already decided to give it a try, you can easily book psychological help here. <\/p>\n\n\n\n<p>We offer in-person sessions at our offices, located in downtown Oslo, or via a safe video solution available across Norway.<\/p>\n\n\n\n<div class=\"wp-block-button\"><a class=\"wp-block-button__link has-text-color has-background has-link-color wp-element-button\" href=\"https:\/\/psykologvirke.no\/om-oss\" style=\"border-radius:4px;color:#ffdfb6;background-color:#264d48\"><strong>Get started \u2013 book an appointment now<\/strong><\/a><\/div>\n\n\n\n<p><\/p>\n\n\n\n<p>You will go straight to an experienced male or female psychologist of your choice. The waiting time is short so you can get started quickly, before you hit even more wallop. <\/p>\n\n\n\n<p>Our psychologists have high expertise in various methods of treatment for burnout.<\/p>\n\n\n\n<h2 class=\"wp-block-heading\" id=\"h-behandling-av-utbrenthet-nbsp-hos-psykolog-kartlegging-av-mekanismer\">Treatment of Burnout by Psychologist: Mapping Mechanisms<\/h2>\n\n\n\n<p>The paths to burnout are multiple and often complex. Hitting the wall is no joke. <\/p>\n\n\n\n<p>You can see it as the body&#039;s way of helping us stop when we are not quite able to give ourselves the rest we need.<\/p>\n\n\n\n<p>Sometimes it is simply that life happens to hit us with many simultaneous punches and it becomes too much for any one individual alone. <\/p>\n\n\n\n<p>Often, however, it is internal stressors and hidden stress that are responsible. These internal traits can be exhausting in themselves. <\/p>\n\n\n\n<p>In addition, they can also drive us to constantly organize our lives in a stressful manner.<\/p>\n\n\n\n<h2 class=\"wp-block-heading\" id=\"h-hvorfor-moter-man-veggen-i-utbrenthet\">Why do we hit the wall when experiencing burnout?<\/h2>\n\n\n\n<p>This can involve higher, internal demands and expectations or difficulties with setting boundaries and saying \u201cno\u201d. Compulsive pursuit of achievement, self-destructive thought patterns and\/or difficulties with asking for and receiving help can also come into play. Also, phobic relations to one\u2019s own shortcomings or need for help, <a href=\"https:\/\/psykologvirke.no\/terapi-oslo\/darlig-samvittighet-skyldfolelse\/\">a chronically bad conscience -<\/a>the the list goes on.<\/p>\n\n\n\n<p>When you seek psychological help for burnout from us, we begin by mapping out the specific mechanisms that are driving your particular problems.<\/p>\n\n\n\n<p>Both external and internal conditions and the interaction between them. Then we know more about what is needed for the best treatment for burnout in your particular case.<\/p>\n\n\n\n<p>Often, these mechanisms are completely or partially unconscious. In such cases, simply becoming aware of these mechanisms can      in itself be helpful. <\/p>\n\n\n\n<p>Other times you might know full well what leads to exhaustion but still not know what is making setting limits so difficult.<\/p>\n\n\n\n<div class=\"wp-block-button\"><a class=\"wp-block-button__link has-text-color has-background has-link-color wp-element-button\" href=\"https:\/\/psykologvirke.no\/om-oss\" style=\"border-radius:4px;color:#ffdfb6;background-color:#264d48\"><strong>Schedule an appointment now<\/strong><\/a><\/div>\n\n\n\n<h2 class=\"wp-block-heading\" id=\"h-terapi-mot-utbrenthet-nbsp-hos-psykologvirke-ulike-metoder\">Burnout therapy at Psikologvirke: Different methods<\/h2>\n\n\n\n<p>There are principles from various methods that can be drawn upon for the treatment of burnout. No single method helps everyone equally as well, all the time. <\/p>\n\n\n\n<p>The determining factors for the successful treatment of burnout are that we work together to gain a precise understanding of your distinct inner dynamics - and that we work in a manner that is meaningful to you. <\/p>\n\n\n\n<p>Our professional assessments will form a starting point, and then together we will evaluate the ongoing progress as well as any need for potential adjustments. <\/p>\n\n\n\n<p>You can read more extensively about how we believe <a href=\"https:\/\/psykologvirke.no\/fagstoff\/terapi-psykoterapi-samtaleterapi\/\">therapy with a psychologist can help<\/a> here.<\/p>\n\n\n\n<h2 class=\"wp-block-heading\" id=\"h-behandling-av-utbrenthet-hos-psykologvirke-nbsp-trygghet-og-utfordring\">Treatment of burnout at Psykologvirke: Safety and challenge<\/h2>\n\n\n\n<p>We place great value on creating a foundation of trust and safety and of being open and forthright about what we are thinking and doing at any given moment.<\/p>\n\n\n\n<p>Within such a framework, one can best withstand challenging the anxiety that is often associated with stepping out of the conscious and unconscious patterns that can underlie burnout.<\/p>\n\n\n\n<h2 class=\"wp-block-heading\" id=\"h-behandling-hos-psykolog-nar-man-moter-veggen-nytter-det\">Treatment with a psychologist when you hit a wall \u2013 is it helpful?<\/h2>\n\n\n\n<p>Most people who undergo therapy for burnout with a psychologist experience that they receive help. <\/p>\n\n\n\n<p>We are committed to not only helping you prevent fatigue, but helping you overcome other oppressive and life-limiting inner forces. <\/p>\n\n\n\n<p>This is how you can freely grow without cemented inner dictates about who you should be - and live a balanced life. <\/p>\n\n\n\n<p>You can read more in general about how we approach <a href=\"https:\/\/psykologvirke.no\/terapi-oslo\/\">clicking here.<\/a><\/p>\n\n\n\n<p>Everyone deserves freedom, joy, love and good health. We are a dedicated team who bring the best of psychological expertise in our work with our clients.<\/p>\n\n\n\n<div class=\"wp-block-button\"><a class=\"wp-block-button__link has-text-color has-background has-link-color wp-element-button\" href=\"https:\/\/psykologvirke.no\/om-oss\" style=\"border-radius:4px;color:#ffdfb6;background-color:#264d48\"><strong>Schedule an appointment in two minutes<\/strong><\/a><\/div>\n\n\n\n<p>We have spoken in the <a rel=\"noopener noreferrer\" href=\"https:\/\/www.kk.no\/helse\/det-er-helt-klart-riktig-at-visse-personlighetstrekk-gjor-deg-mer-sarbar-for-a-utvikle-utbrenthet-69321867\" target=\"_blank\">media about burnout<\/a>. To learn more about burnout you can read an in-depth perspective about what can lay at the root of burnout, here\u00a0<a href=\"http:\/\/tidsskriftet.no\/2006\/11\/kronikk\/psykologisk-behandling-av-utbrenthet\">in an article concerning burnout by Tove Kjersti Kj\u00f8lseth, in the Tidsskrift for Norsk Legeforening.<\/a><\/p>","protected":false},"excerpt":{"rendered":"<p>Her kan du l\u00e6re mer om utbrenthet og hva du kan forvente om du tar kontakt for terapi mot utbrenthet hos oss \u2013 n\u00e5r du har m\u00f8tt, eller er i ferd med \u00e5 m\u00f8te, den ber\u00f8mte veggen. Om du allerede har bestemt deg for \u00e5&nbsp;<a class=\"read-more\" href=\"https:\/\/psykologvirke.no\/en\/therapy-oslo\/treatment-of-burnout\/\">\u2026<\/a><\/p>","protected":false},"author":1,"featured_media":1751,"parent":48,"menu_order":15,"comment_status":"closed","ping_status":"closed","template":"","meta":{"_acf_changed":false,"footnotes":""},"terapiretning":[],"tidspunkter":[],"tjeneste":[],"class_list":["post-132","page","type-page","status-publish","has-post-thumbnail","hentry"],"acf":[],"yoast_head":"<!-- This site is optimized with the Yoast SEO Premium plugin v25.1 (Yoast SEO v27.6) - https:\/\/yoast.com\/product\/yoast-seo-premium-wordpress\/ -->\n<title>Behandling av utbrenthet | Terapi mot utmattelse | Psykologvirke<\/title>\n<meta name=\"description\" content=\"Forebygging og behandling av utbrenthet og utmattelse hos psykolog i Oslo. Lang erfaring - kort ventetid. Bestill time hos oss i dag.\" \/>\n<meta name=\"robots\" content=\"index, follow, max-snippet:-1, max-image-preview:large, max-video-preview:-1\" \/>\n<link rel=\"canonical\" href=\"https:\/\/psykologvirke.no\/en\/terapi-oslo\/behandling-av-utbrenthet\/\" \/>\n<meta property=\"og:locale\" content=\"en_GB\" \/>\n<meta property=\"og:type\" content=\"article\" \/>\n<meta property=\"og:title\" content=\"Behandling av utbrenthet hos psykolog i Oslo - n\u00e5r du m\u00f8ter veggen\" \/>\n<meta property=\"og:description\" content=\"Forebygging og behandling av utbrenthet og utmattelse hos psykolog i Oslo. Lang erfaring - kort ventetid. Bestill time hos oss i dag.\" \/>\n<meta property=\"og:url\" content=\"https:\/\/psykologvirke.no\/en\/terapi-oslo\/behandling-av-utbrenthet\/\" \/>\n<meta property=\"og:site_name\" content=\"Privat psykolog Oslo sentrum - Psykologvirke\" \/>\n<meta property=\"article:publisher\" content=\"https:\/\/www.facebook.com\/psykologvirke\" \/>\n<meta property=\"article:modified_time\" content=\"2024-10-03T08:00:07+00:00\" \/>\n<meta property=\"og:image\" content=\"https:\/\/psykologvirke.no\/wp-content\/uploads\/2020\/04\/Utbrenthet-psykolog-behandling-m\u00f8ter-veggen.jpg\" \/>\n\t<meta property=\"og:image:width\" content=\"1024\" \/>\n\t<meta property=\"og:image:height\" content=\"660\" \/>\n\t<meta property=\"og:image:type\" content=\"image\/jpeg\" \/>\n<meta name=\"twitter:card\" content=\"summary_large_image\" \/>\n<meta name=\"twitter:label1\" content=\"Estimated reading time\" \/>\n\t<meta name=\"twitter:data1\" content=\"5 minutes\" \/>\n<script type=\"application\/ld+json\" class=\"yoast-schema-graph\">{\"@context\":\"https:\\\/\\\/schema.org\",\"@graph\":[{\"@type\":\"WebPage\",\"@id\":\"https:\\\/\\\/psykologvirke.no\\\/terapi-oslo\\\/behandling-av-utbrenthet\\\/\",\"url\":\"https:\\\/\\\/psykologvirke.no\\\/terapi-oslo\\\/behandling-av-utbrenthet\\\/\",\"name\":\"Behandling av utbrenthet | Terapi mot utmattelse | Psykologvirke\",\"isPartOf\":{\"@id\":\"https:\\\/\\\/psykologvirke.no\\\/#website\"},\"primaryImageOfPage\":{\"@id\":\"https:\\\/\\\/psykologvirke.no\\\/terapi-oslo\\\/behandling-av-utbrenthet\\\/#primaryimage\"},\"image\":{\"@id\":\"https:\\\/\\\/psykologvirke.no\\\/terapi-oslo\\\/behandling-av-utbrenthet\\\/#primaryimage\"},\"thumbnailUrl\":\"https:\\\/\\\/psykologvirke.no\\\/wp-content\\\/uploads\\\/2020\\\/04\\\/Utbrenthet-psykolog-behandling-m\u00f8ter-veggen.jpg\",\"datePublished\":\"2016-12-26T14:12:18+00:00\",\"dateModified\":\"2024-10-03T08:00:07+00:00\",\"description\":\"Forebygging og behandling av utbrenthet og utmattelse hos psykolog i Oslo. Lang erfaring - kort ventetid. Bestill time hos oss i dag.\",\"breadcrumb\":{\"@id\":\"https:\\\/\\\/psykologvirke.no\\\/terapi-oslo\\\/behandling-av-utbrenthet\\\/#breadcrumb\"},\"inLanguage\":\"en-GB\",\"potentialAction\":[{\"@type\":\"ReadAction\",\"target\":[\"https:\\\/\\\/psykologvirke.no\\\/terapi-oslo\\\/behandling-av-utbrenthet\\\/\"]}]},{\"@type\":\"ImageObject\",\"inLanguage\":\"en-GB\",\"@id\":\"https:\\\/\\\/psykologvirke.no\\\/terapi-oslo\\\/behandling-av-utbrenthet\\\/#primaryimage\",\"url\":\"https:\\\/\\\/psykologvirke.no\\\/wp-content\\\/uploads\\\/2020\\\/04\\\/Utbrenthet-psykolog-behandling-m\u00f8ter-veggen.jpg\",\"contentUrl\":\"https:\\\/\\\/psykologvirke.no\\\/wp-content\\\/uploads\\\/2020\\\/04\\\/Utbrenthet-psykolog-behandling-m\u00f8ter-veggen.jpg\",\"width\":1024,\"height\":660,\"caption\":\"Behandling hos psykolog ved utbrenthet - n\u00e5r du m\u00f8ter veggen\"},{\"@type\":\"BreadcrumbList\",\"@id\":\"https:\\\/\\\/psykologvirke.no\\\/terapi-oslo\\\/behandling-av-utbrenthet\\\/#breadcrumb\",\"itemListElement\":[{\"@type\":\"ListItem\",\"position\":1,\"name\":\"Hjem\",\"item\":\"https:\\\/\\\/psykologvirke.no\\\/\"},{\"@type\":\"ListItem\",\"position\":2,\"name\":\"Individuell samtaleterapi\",\"item\":\"https:\\\/\\\/psykologvirke.no\\\/terapi-oslo\\\/\"},{\"@type\":\"ListItem\",\"position\":3,\"name\":\"Behandling av utbrenthet hos psykolog i Oslo &#8211; n\u00e5r du m\u00f8ter veggen\"}]},{\"@type\":\"WebSite\",\"@id\":\"https:\\\/\\\/psykologvirke.no\\\/#website\",\"url\":\"https:\\\/\\\/psykologvirke.no\\\/\",\"name\":\"Privat psykolog i Oslo sentrum - Psykologvirke\",\"description\":\"Privat psykolog Oslo sentrum\",\"publisher\":{\"@id\":\"https:\\\/\\\/psykologvirke.no\\\/#organization\"},\"potentialAction\":[{\"@type\":\"SearchAction\",\"target\":{\"@type\":\"EntryPoint\",\"urlTemplate\":\"https:\\\/\\\/psykologvirke.no\\\/?s={search_term_string}\"},\"query-input\":{\"@type\":\"PropertyValueSpecification\",\"valueRequired\":true,\"valueName\":\"search_term_string\"}}],\"inLanguage\":\"en-GB\"},{\"@type\":\"Organization\",\"@id\":\"https:\\\/\\\/psykologvirke.no\\\/#organization\",\"name\":\"Psykologvirke\",\"url\":\"https:\\\/\\\/psykologvirke.no\\\/\",\"logo\":{\"@type\":\"ImageObject\",\"inLanguage\":\"en-GB\",\"@id\":\"https:\\\/\\\/psykologvirke.no\\\/#\\\/schema\\\/logo\\\/image\\\/\",\"url\":\"https:\\\/\\\/psykologvirke.no\\\/wp-content\\\/uploads\\\/2022\\\/07\\\/logo-stacked-psykolgovirke.png\",\"contentUrl\":\"https:\\\/\\\/psykologvirke.no\\\/wp-content\\\/uploads\\\/2022\\\/07\\\/logo-stacked-psykolgovirke.png\",\"width\":273,\"height\":288,\"caption\":\"Psykologvirke\"},\"image\":{\"@id\":\"https:\\\/\\\/psykologvirke.no\\\/#\\\/schema\\\/logo\\\/image\\\/\"},\"sameAs\":[\"https:\\\/\\\/www.facebook.com\\\/psykologvirke\"]}]}<\/script>\n<!-- \/ Yoast SEO Premium plugin. -->","yoast_head_json":{"title":"Treatment of burnout | Exhaustion therapy | Psychological work","description":"Prevention and treatment of burnout and fatigue by a psychologist in Oslo. Long experience - short waiting time. Book an appointment with us today.","robots":{"index":"index","follow":"follow","max-snippet":"max-snippet:-1","max-image-preview":"max-image-preview:large","max-video-preview":"max-video-preview:-1"},"canonical":"https:\/\/psykologvirke.no\/en\/terapi-oslo\/behandling-av-utbrenthet\/","og_locale":"en_GB","og_type":"article","og_title":"Behandling av utbrenthet hos psykolog i Oslo - n\u00e5r du m\u00f8ter veggen","og_description":"Forebygging og behandling av utbrenthet og utmattelse hos psykolog i Oslo. Lang erfaring - kort ventetid. Bestill time hos oss i dag.","og_url":"https:\/\/psykologvirke.no\/en\/terapi-oslo\/behandling-av-utbrenthet\/","og_site_name":"Privat psykolog Oslo sentrum - Psykologvirke","article_publisher":"https:\/\/www.facebook.com\/psykologvirke","article_modified_time":"2024-10-03T08:00:07+00:00","og_image":[{"width":1024,"height":660,"url":"https:\/\/psykologvirke.no\/wp-content\/uploads\/2020\/04\/Utbrenthet-psykolog-behandling-m\u00f8ter-veggen.jpg","type":"image\/jpeg"}],"twitter_card":"summary_large_image","twitter_misc":{"Estimated reading time":"5 minutes"},"schema":{"@context":"https:\/\/schema.org","@graph":[{"@type":"WebPage","@id":"https:\/\/psykologvirke.no\/terapi-oslo\/behandling-av-utbrenthet\/","url":"https:\/\/psykologvirke.no\/terapi-oslo\/behandling-av-utbrenthet\/","name":"Treatment of burnout | Exhaustion therapy | Psychological work","isPartOf":{"@id":"https:\/\/psykologvirke.no\/#website"},"primaryImageOfPage":{"@id":"https:\/\/psykologvirke.no\/terapi-oslo\/behandling-av-utbrenthet\/#primaryimage"},"image":{"@id":"https:\/\/psykologvirke.no\/terapi-oslo\/behandling-av-utbrenthet\/#primaryimage"},"thumbnailUrl":"https:\/\/psykologvirke.no\/wp-content\/uploads\/2020\/04\/Utbrenthet-psykolog-behandling-m\u00f8ter-veggen.jpg","datePublished":"2016-12-26T14:12:18+00:00","dateModified":"2024-10-03T08:00:07+00:00","description":"Prevention and treatment of burnout and fatigue by a psychologist in Oslo. Long experience - short waiting time. Book an appointment with us today.","breadcrumb":{"@id":"https:\/\/psykologvirke.no\/terapi-oslo\/behandling-av-utbrenthet\/#breadcrumb"},"inLanguage":"en-GB","potentialAction":[{"@type":"ReadAction","target":["https:\/\/psykologvirke.no\/terapi-oslo\/behandling-av-utbrenthet\/"]}]},{"@type":"ImageObject","inLanguage":"en-GB","@id":"https:\/\/psykologvirke.no\/terapi-oslo\/behandling-av-utbrenthet\/#primaryimage","url":"https:\/\/psykologvirke.no\/wp-content\/uploads\/2020\/04\/Utbrenthet-psykolog-behandling-m\u00f8ter-veggen.jpg","contentUrl":"https:\/\/psykologvirke.no\/wp-content\/uploads\/2020\/04\/Utbrenthet-psykolog-behandling-m\u00f8ter-veggen.jpg","width":1024,"height":660,"caption":"Behandling hos psykolog ved utbrenthet - n\u00e5r du m\u00f8ter veggen"},{"@type":"BreadcrumbList","@id":"https:\/\/psykologvirke.no\/terapi-oslo\/behandling-av-utbrenthet\/#breadcrumb","itemListElement":[{"@type":"ListItem","position":1,"name":"Hjem","item":"https:\/\/psykologvirke.no\/"},{"@type":"ListItem","position":2,"name":"Individuell samtaleterapi","item":"https:\/\/psykologvirke.no\/terapi-oslo\/"},{"@type":"ListItem","position":3,"name":"Behandling av utbrenthet hos psykolog i Oslo &#8211; n\u00e5r du m\u00f8ter veggen"}]},{"@type":"WebSite","@id":"https:\/\/psykologvirke.no\/#website","url":"https:\/\/psykologvirke.no\/","name":"Private psychologist in central Oslo - Psychological work","description":"Private psychologist Oslo centre","publisher":{"@id":"https:\/\/psykologvirke.no\/#organization"},"potentialAction":[{"@type":"SearchAction","target":{"@type":"EntryPoint","urlTemplate":"https:\/\/psykologvirke.no\/?s={search_term_string}"},"query-input":{"@type":"PropertyValueSpecification","valueRequired":true,"valueName":"search_term_string"}}],"inLanguage":"en-GB"},{"@type":"Organization","@id":"https:\/\/psykologvirke.no\/#organization","name":"Psykologvirke","url":"https:\/\/psykologvirke.no\/","logo":{"@type":"ImageObject","inLanguage":"en-GB","@id":"https:\/\/psykologvirke.no\/#\/schema\/logo\/image\/","url":"https:\/\/psykologvirke.no\/wp-content\/uploads\/2022\/07\/logo-stacked-psykolgovirke.png","contentUrl":"https:\/\/psykologvirke.no\/wp-content\/uploads\/2022\/07\/logo-stacked-psykolgovirke.png","width":273,"height":288,"caption":"Psykologvirke"},"image":{"@id":"https:\/\/psykologvirke.no\/#\/schema\/logo\/image\/"},"sameAs":["https:\/\/www.facebook.com\/psykologvirke"]}]}},"featured_image_src":"https:\/\/psykologvirke.no\/wp-content\/uploads\/2020\/04\/Utbrenthet-psykolog-behandling-m\u00f8ter-veggen.jpg","featured_image_src_square":"https:\/\/psykologvirke.no\/wp-content\/uploads\/2020\/04\/Utbrenthet-psykolog-behandling-m\u00f8ter-veggen.jpg","_links":{"self":[{"href":"https:\/\/psykologvirke.no\/en\/wp-json\/wp\/v2\/pages\/132","targetHints":{"allow":["GET"]}}],"collection":[{"href":"https:\/\/psykologvirke.no\/en\/wp-json\/wp\/v2\/pages"}],"about":[{"href":"https:\/\/psykologvirke.no\/en\/wp-json\/wp\/v2\/types\/page"}],"author":[{"embeddable":true,"href":"https:\/\/psykologvirke.no\/en\/wp-json\/wp\/v2\/users\/1"}],"replies":[{"embeddable":true,"href":"https:\/\/psykologvirke.no\/en\/wp-json\/wp\/v2\/comments?post=132"}],"version-history":[{"count":0,"href":"https:\/\/psykologvirke.no\/en\/wp-json\/wp\/v2\/pages\/132\/revisions"}],"up":[{"embeddable":true,"href":"https:\/\/psykologvirke.no\/en\/wp-json\/wp\/v2\/pages\/48"}],"wp:featuredmedia":[{"embeddable":true,"href":"https:\/\/psykologvirke.no\/en\/wp-json\/wp\/v2\/media\/1751"}],"wp:attachment":[{"href":"https:\/\/psykologvirke.no\/en\/wp-json\/wp\/v2\/media?parent=132"}],"wp:term":[{"taxonomy":"terapiretning","embeddable":true,"href":"https:\/\/psykologvirke.no\/en\/wp-json\/wp\/v2\/terapiretning?post=132"},{"taxonomy":"tidspunkter","embeddable":true,"href":"https:\/\/psykologvirke.no\/en\/wp-json\/wp\/v2\/tidspunkter?post=132"},{"taxonomy":"tjeneste","embeddable":true,"href":"https:\/\/psykologvirke.no\/en\/wp-json\/wp\/v2\/tjeneste?post=132"}],"curies":[{"name":"wp","href":"https:\/\/api.w.org\/{rel}","templated":true}]}}