{"id":135,"date":"2016-12-26T14:20:06","date_gmt":"2016-12-26T14:20:06","guid":{"rendered":"https:\/\/psykologvirke.wpengine.com\/?page_id=135"},"modified":"2024-10-03T09:59:46","modified_gmt":"2024-10-03T07:59:46","slug":"psykologhjelp-ved-samlivsbrudd","status":"publish","type":"page","link":"https:\/\/psykologvirke.no\/en\/therapy-oslo\/psychological-help-in-marital-breakdown\/","title":{"rendered":"Psychological Help for a Divorce \/ Breakup \/ Relationship Dissolution"},"content":{"rendered":"<p>We can help you with our specialist expertise. You will go straight to an experienced male or female psychologist of your choice. The waiting time is short so you can get started quickly. <\/p>\n\n\n\n<p>We have years of experience with both individual and couples therapy for those in danger of divorce or breakup - before, during or after an eventual dissolution has become fact.<\/p>\n\n\n\n<p>Also remember that we offer video therapy to people from all over the country. <\/p>\n\n\n\n<h1 class=\"wp-block-heading\" id=\"h-terapi-ved-nbsp-samlivsbrudd-nbsp-hos-privat-psykolog-i-oslo\">Breakup therapy with a private psychologist in Oslo<\/h1>\n\n\n\n<p>If you want couples therapy in the event of a (possible) break-up, you can read about it <a href=\"https:\/\/psykologvirke.no\/om-oss\">couples therapy by clicking here<\/a>. In the following, you can read briefly about what you can expect if you visit us alone in connection with, or in the aftermath of, a break-up.<\/p>\n\n\n\n<p>If you have already decided to give it a try, you can quickly and easily <a href=\"https:\/\/psykologvirke.no\/om-oss\">schedule an appointment online.<\/a><\/p>\n\n\n\n<div class=\"wp-block-button\"><a class=\"wp-block-button__link has-text-color has-background has-link-color wp-element-button\" href=\"https:\/\/psykologvirke.no\/om-oss\" style=\"border-radius:4px;color:#ffdfb6;background-color:#264d48\"><strong>Learn more about our psychologists and schedule an appointment online<\/strong><\/a><\/div>\n\n\n\n<h2 class=\"wp-block-heading\" id=\"h-psykologhjelp-ved-samlivsbrudd-hvorfor-far-noen-behov-for-nbsp-profesjonell-bistand\">Psychological help during a breakup: Why do some people need professional assistance?<\/h2>\n\n\n\n<p>There is nothing that means more to us humans than connection to others. The only thing that hurts more than a breakup in a close relationship is when that person also goes to someone else and jealousy plays a role as well.<\/p>\n\n\n\n<p>Nothing stirs up greater or more conflicting emotions in us than attachment relations. It can be a very demanding landscape to navigate.<\/p>\n\n\n\n<p>Reactions in connection with a breakup have a large normal variation. <\/p>\n\n\n\n<p>When considering psychological help for a breakup, it is often because you need help in an acute phase where difficult emotions seem overwhelming or persist over time and make it difficult to move on.<\/p>\n\n\n\n<p>It can also be associated with conflicts and practical challenges that end in a number of emotionally stressful dilemmas.<\/p>\n\n\n\n<p>Some relationships have been destructive, and you are left dazed and \u201cshell-shocked\u201d in the aftermath. In some cases, you are left brokenhearted - you can read more about <a href=\"\/terapi-oslo\/terapi-mot-kjaerlighetssorg\/\">therapy for a broken heart here<\/a>. <\/p>\n\n\n\n<p>In still other cases, you struggle to figure out where you should go and what you should become. If you are struggling with a guilty conscience in connection with a divorce or breakup, you can get advice for coping with <a href=\"\/terapi-oslo\/darlig-samvittighet-skyldfolelse\/\">a guilty conscience here.<\/a><\/p>\n\n\n\n<div class=\"wp-block-button\"><a class=\"wp-block-button__link has-text-color has-background has-link-color wp-element-button\" href=\"https:\/\/psykologvirke.no\/om-oss\" style=\"border-radius:4px;color:#ffdfb6;background-color:#264d48\"><strong>Schedule an appointment with a psychologist today<\/strong><\/a><\/div>\n\n\n\n<p><\/p>\n\n\n\n<h2 class=\"wp-block-heading\" id=\"h-psykolog-ved-samlivsbrudd-kartlegging-av-spesifikke-mekanismer\">Psychological therapy for divorce - mapping of specific mechanisms<\/h2>\n\n\n\n<p>When you seek psychological help for a breakup with us, we begin with an assessment to gain a more precise understanding of what the breakup represents for you, and what specific external and, not least, internal circumstances make it difficult to process.\u00a0\u00a0<\/p>\n\n\n\n<p>Then we will know more about how we can form a course of therapy that will give you the best psychological treatment for divorce or breakup in precisely your case.<\/p>\n\n\n\n<p>Often, support sessions where one can sort through thoughts and feelings with the aid of an objective professional can be enough. <\/p>\n\n\n\n<h2 class=\"wp-block-heading\" id=\"h-psykolog-ved-brudd\">Psychological help for divorce and breakups <\/h2>\n\n\n\n<p>In other cases, there may be more specific mechanisms that form a blockage in the system. These may involve unresolved emotional conflicts, often fully or partially unconscious, that require a depth-oriented approach.<\/p>\n\n\n\n<p>A breakup with an attachment figure can be traumatic in itself. But it can also stir up many unprocessed and conflicted emotions from previous attachment experiences, both with partners and caregivers.<\/p>\n\n\n\n<p>Early attachment experiences also form the basis for our habitual ways of looking at ourselves, meeting ourselves, and dealing with difficult emotions.\u00a0<\/p>\n\n\n\n<p>Such circumstances can in many cases help explain why someone may be stuck and need therapy after a breakup in order to move on.<\/p>\n\n\n\n<p>If you do not have the possibility of going to a private psychologist, you can read more here concerning <a href=\"https:\/\/psykologvirke.no\/om-oss\">recommended ways to find a psychologist in Oslo.<\/a><\/p>\n\n\n\n<h2 class=\"wp-block-heading\" id=\"h-psykologhjelp-ved-samlivsbrudd-gir-muligheter-for-vekst\">Psychological help for divorce or breakup can bring opportunities for growth<\/h2>\n\n\n\n<p>Since relationship breakdowns can stir up so many central organizing experiences in the psyche, it provides a golden opportunity to process and resolve internal relationships that contribute to insecurity, low self-esteem, and so on. <\/p>\n\n\n\n<p>Thus, such crises can also present a possibility for growth.<\/p>\n\n\n\n<p>The deciding factors for a successful treatment are that together we manage to form a clear understanding of what is at the root of your precise difficulties - and that we work in a way that is meaningful to you. <\/p>\n\n\n\n<p>Our expert assessments will form a starting point, and then together we will monitor progress and the need for any potential adjustments.<\/p>\n\n\n\n<p>Everyone deserves freedom, joy, love and good health. We are a dedicated team who bring the best of psychological expertise in our work with our clients.<\/p>\n\n\n\n<p>There is only one way to find out if therapy can make a difference for you in your life. <\/p>\n\n\n\n<div class=\"wp-block-button\"><a class=\"wp-block-button__link has-text-color has-background has-link-color wp-element-button\" href=\"https:\/\/psykologvirke.no\/om-oss\" style=\"border-radius:4px;color:#ffdfb6;background-color:#264d48\"><strong>Schedule an appointment with a psychologist today<\/strong><\/a><\/div>\n\n\n\n<p><\/p>","protected":false},"excerpt":{"rendered":"<p>Vi kan hjelpe deg med v\u00e5r spesialistkompetanse. Du kommer rett til erfaren\u00a0mannlig eller kvinnelig psykolog etter eget valg. Ventetiden er kort s\u00e5 du kommer raskt i gang. Vi har lang erfaring med b\u00e5de individual- og parterapi ved fare for samlivsbrudd samt f\u00f8r, under og etter&nbsp;<a class=\"read-more\" href=\"https:\/\/psykologvirke.no\/en\/therapy-oslo\/psychological-help-in-marital-breakdown\/\">\u2026<\/a><\/p>","protected":false},"author":1,"featured_media":409,"parent":48,"menu_order":8,"comment_status":"closed","ping_status":"closed","template":"","meta":{"_acf_changed":false,"footnotes":""},"terapiretning":[],"tidspunkter":[],"tjeneste":[],"class_list":["post-135","page","type-page","status-publish","has-post-thumbnail","hentry"],"acf":[],"yoast_head":"<!-- This site is optimized with the Yoast SEO Premium plugin v25.1 (Yoast SEO v27.5) - https:\/\/yoast.com\/product\/yoast-seo-premium-wordpress\/ -->\n<title>Psykologhjelp ved samlivsbrudd | Psykolog i Oslo | Psykologvirke<\/title>\n<meta name=\"description\" content=\"Psykologhjelp ved samlivsbrudd hos erfarne psykologer i Psykologvirke. Les om hva du kan forvente i terapi hos oss. Enkel online booking.\" \/>\n<meta name=\"robots\" content=\"index, follow, max-snippet:-1, max-image-preview:large, max-video-preview:-1\" \/>\n<link rel=\"canonical\" href=\"https:\/\/psykologvirke.no\/en\/terapi-oslo\/psykologhjelp-ved-samlivsbrudd\/\" \/>\n<meta property=\"og:locale\" content=\"en_GB\" \/>\n<meta property=\"og:type\" content=\"article\" \/>\n<meta property=\"og:title\" content=\"Psykologhjelp ved samlivsbrudd\" \/>\n<meta property=\"og:description\" content=\"Psykologhjelp ved samlivsbrudd hos erfarne psykologer i Psykologvirke. Les om hva du kan forvente i terapi hos oss. Enkel online booking.\" \/>\n<meta property=\"og:url\" content=\"https:\/\/psykologvirke.no\/en\/terapi-oslo\/psykologhjelp-ved-samlivsbrudd\/\" \/>\n<meta property=\"og:site_name\" content=\"Privat psykolog Oslo sentrum - Psykologvirke\" \/>\n<meta property=\"article:publisher\" content=\"https:\/\/www.facebook.com\/psykologvirke\" \/>\n<meta property=\"article:modified_time\" content=\"2024-10-03T07:59:46+00:00\" \/>\n<meta property=\"og:image\" content=\"https:\/\/psykologvirke.no\/wp-content\/uploads\/2016\/12\/Samlivsbrudd.jpg\" \/>\n\t<meta property=\"og:image:width\" content=\"683\" \/>\n\t<meta property=\"og:image:height\" content=\"1024\" \/>\n\t<meta property=\"og:image:type\" content=\"image\/jpeg\" \/>\n<meta name=\"twitter:card\" content=\"summary_large_image\" \/>\n<meta name=\"twitter:label1\" content=\"Estimated reading time\" \/>\n\t<meta name=\"twitter:data1\" content=\"5 minutes\" \/>\n<script type=\"application\/ld+json\" class=\"yoast-schema-graph\">{\"@context\":\"https:\\\/\\\/schema.org\",\"@graph\":[{\"@type\":\"WebPage\",\"@id\":\"https:\\\/\\\/psykologvirke.no\\\/terapi-oslo\\\/psykologhjelp-ved-samlivsbrudd\\\/\",\"url\":\"https:\\\/\\\/psykologvirke.no\\\/terapi-oslo\\\/psykologhjelp-ved-samlivsbrudd\\\/\",\"name\":\"Psykologhjelp ved samlivsbrudd | Psykolog i Oslo | Psykologvirke\",\"isPartOf\":{\"@id\":\"https:\\\/\\\/psykologvirke.no\\\/#website\"},\"primaryImageOfPage\":{\"@id\":\"https:\\\/\\\/psykologvirke.no\\\/terapi-oslo\\\/psykologhjelp-ved-samlivsbrudd\\\/#primaryimage\"},\"image\":{\"@id\":\"https:\\\/\\\/psykologvirke.no\\\/terapi-oslo\\\/psykologhjelp-ved-samlivsbrudd\\\/#primaryimage\"},\"thumbnailUrl\":\"https:\\\/\\\/psykologvirke.no\\\/wp-content\\\/uploads\\\/2016\\\/12\\\/Samlivsbrudd.jpg\",\"datePublished\":\"2016-12-26T14:20:06+00:00\",\"dateModified\":\"2024-10-03T07:59:46+00:00\",\"description\":\"Psykologhjelp ved samlivsbrudd hos erfarne psykologer i Psykologvirke. Les om hva du kan forvente i terapi hos oss. Enkel online booking.\",\"breadcrumb\":{\"@id\":\"https:\\\/\\\/psykologvirke.no\\\/terapi-oslo\\\/psykologhjelp-ved-samlivsbrudd\\\/#breadcrumb\"},\"inLanguage\":\"en-GB\",\"potentialAction\":[{\"@type\":\"ReadAction\",\"target\":[\"https:\\\/\\\/psykologvirke.no\\\/terapi-oslo\\\/psykologhjelp-ved-samlivsbrudd\\\/\"]}]},{\"@type\":\"ImageObject\",\"inLanguage\":\"en-GB\",\"@id\":\"https:\\\/\\\/psykologvirke.no\\\/terapi-oslo\\\/psykologhjelp-ved-samlivsbrudd\\\/#primaryimage\",\"url\":\"https:\\\/\\\/psykologvirke.no\\\/wp-content\\\/uploads\\\/2016\\\/12\\\/Samlivsbrudd.jpg\",\"contentUrl\":\"https:\\\/\\\/psykologvirke.no\\\/wp-content\\\/uploads\\\/2016\\\/12\\\/Samlivsbrudd.jpg\",\"width\":683,\"height\":1024,\"caption\":\"Psykologhjelp ved samlivsbrudd hos Psykolog i Oslo -f\u00e5 hjelp ved brudd.\"},{\"@type\":\"BreadcrumbList\",\"@id\":\"https:\\\/\\\/psykologvirke.no\\\/terapi-oslo\\\/psykologhjelp-ved-samlivsbrudd\\\/#breadcrumb\",\"itemListElement\":[{\"@type\":\"ListItem\",\"position\":1,\"name\":\"Hjem\",\"item\":\"https:\\\/\\\/psykologvirke.no\\\/\"},{\"@type\":\"ListItem\",\"position\":2,\"name\":\"Individuell samtaleterapi\",\"item\":\"https:\\\/\\\/psykologvirke.no\\\/terapi-oslo\\\/\"},{\"@type\":\"ListItem\",\"position\":3,\"name\":\"Psykologhjelp ved samlivsbrudd\"}]},{\"@type\":\"WebSite\",\"@id\":\"https:\\\/\\\/psykologvirke.no\\\/#website\",\"url\":\"https:\\\/\\\/psykologvirke.no\\\/\",\"name\":\"Privat psykolog i Oslo sentrum - Psykologvirke\",\"description\":\"Privat psykolog Oslo sentrum\",\"publisher\":{\"@id\":\"https:\\\/\\\/psykologvirke.no\\\/#organization\"},\"potentialAction\":[{\"@type\":\"SearchAction\",\"target\":{\"@type\":\"EntryPoint\",\"urlTemplate\":\"https:\\\/\\\/psykologvirke.no\\\/?s={search_term_string}\"},\"query-input\":{\"@type\":\"PropertyValueSpecification\",\"valueRequired\":true,\"valueName\":\"search_term_string\"}}],\"inLanguage\":\"en-GB\"},{\"@type\":\"Organization\",\"@id\":\"https:\\\/\\\/psykologvirke.no\\\/#organization\",\"name\":\"Psykologvirke\",\"url\":\"https:\\\/\\\/psykologvirke.no\\\/\",\"logo\":{\"@type\":\"ImageObject\",\"inLanguage\":\"en-GB\",\"@id\":\"https:\\\/\\\/psykologvirke.no\\\/#\\\/schema\\\/logo\\\/image\\\/\",\"url\":\"https:\\\/\\\/psykologvirke.no\\\/wp-content\\\/uploads\\\/2022\\\/07\\\/logo-stacked-psykolgovirke.png\",\"contentUrl\":\"https:\\\/\\\/psykologvirke.no\\\/wp-content\\\/uploads\\\/2022\\\/07\\\/logo-stacked-psykolgovirke.png\",\"width\":273,\"height\":288,\"caption\":\"Psykologvirke\"},\"image\":{\"@id\":\"https:\\\/\\\/psykologvirke.no\\\/#\\\/schema\\\/logo\\\/image\\\/\"},\"sameAs\":[\"https:\\\/\\\/www.facebook.com\\\/psykologvirke\"]}]}<\/script>\n<!-- \/ Yoast SEO Premium plugin. -->","yoast_head_json":{"title":"Psychological help in the event of a break-up Psychologist in Oslo | Psychological work","description":"Psychological help in the event of a break-up with experienced psychologists in Psykologvirke. Read about what you can expect in therapy with us. Easy online booking.","robots":{"index":"index","follow":"follow","max-snippet":"max-snippet:-1","max-image-preview":"max-image-preview:large","max-video-preview":"max-video-preview:-1"},"canonical":"https:\/\/psykologvirke.no\/en\/terapi-oslo\/psykologhjelp-ved-samlivsbrudd\/","og_locale":"en_GB","og_type":"article","og_title":"Psykologhjelp ved samlivsbrudd","og_description":"Psykologhjelp ved samlivsbrudd hos erfarne psykologer i Psykologvirke. Les om hva du kan forvente i terapi hos oss. Enkel online booking.","og_url":"https:\/\/psykologvirke.no\/en\/terapi-oslo\/psykologhjelp-ved-samlivsbrudd\/","og_site_name":"Privat psykolog Oslo sentrum - Psykologvirke","article_publisher":"https:\/\/www.facebook.com\/psykologvirke","article_modified_time":"2024-10-03T07:59:46+00:00","og_image":[{"width":683,"height":1024,"url":"https:\/\/psykologvirke.no\/wp-content\/uploads\/2016\/12\/Samlivsbrudd.jpg","type":"image\/jpeg"}],"twitter_card":"summary_large_image","twitter_misc":{"Estimated reading time":"5 minutes"},"schema":{"@context":"https:\/\/schema.org","@graph":[{"@type":"WebPage","@id":"https:\/\/psykologvirke.no\/terapi-oslo\/psykologhjelp-ved-samlivsbrudd\/","url":"https:\/\/psykologvirke.no\/terapi-oslo\/psykologhjelp-ved-samlivsbrudd\/","name":"Psychological help in the event of a break-up Psychologist in Oslo | Psychological work","isPartOf":{"@id":"https:\/\/psykologvirke.no\/#website"},"primaryImageOfPage":{"@id":"https:\/\/psykologvirke.no\/terapi-oslo\/psykologhjelp-ved-samlivsbrudd\/#primaryimage"},"image":{"@id":"https:\/\/psykologvirke.no\/terapi-oslo\/psykologhjelp-ved-samlivsbrudd\/#primaryimage"},"thumbnailUrl":"https:\/\/psykologvirke.no\/wp-content\/uploads\/2016\/12\/Samlivsbrudd.jpg","datePublished":"2016-12-26T14:20:06+00:00","dateModified":"2024-10-03T07:59:46+00:00","description":"Psychological help in the event of a break-up with experienced psychologists in Psykologvirke. Read about what you can expect in therapy with us. Easy online booking.","breadcrumb":{"@id":"https:\/\/psykologvirke.no\/terapi-oslo\/psykologhjelp-ved-samlivsbrudd\/#breadcrumb"},"inLanguage":"en-GB","potentialAction":[{"@type":"ReadAction","target":["https:\/\/psykologvirke.no\/terapi-oslo\/psykologhjelp-ved-samlivsbrudd\/"]}]},{"@type":"ImageObject","inLanguage":"en-GB","@id":"https:\/\/psykologvirke.no\/terapi-oslo\/psykologhjelp-ved-samlivsbrudd\/#primaryimage","url":"https:\/\/psykologvirke.no\/wp-content\/uploads\/2016\/12\/Samlivsbrudd.jpg","contentUrl":"https:\/\/psykologvirke.no\/wp-content\/uploads\/2016\/12\/Samlivsbrudd.jpg","width":683,"height":1024,"caption":"Psykologhjelp ved samlivsbrudd hos Psykolog i Oslo -f\u00e5 hjelp ved brudd."},{"@type":"BreadcrumbList","@id":"https:\/\/psykologvirke.no\/terapi-oslo\/psykologhjelp-ved-samlivsbrudd\/#breadcrumb","itemListElement":[{"@type":"ListItem","position":1,"name":"Hjem","item":"https:\/\/psykologvirke.no\/"},{"@type":"ListItem","position":2,"name":"Individuell samtaleterapi","item":"https:\/\/psykologvirke.no\/terapi-oslo\/"},{"@type":"ListItem","position":3,"name":"Psykologhjelp ved samlivsbrudd"}]},{"@type":"WebSite","@id":"https:\/\/psykologvirke.no\/#website","url":"https:\/\/psykologvirke.no\/","name":"Private psychologist in central Oslo - Psychological work","description":"Private psychologist Oslo centre","publisher":{"@id":"https:\/\/psykologvirke.no\/#organization"},"potentialAction":[{"@type":"SearchAction","target":{"@type":"EntryPoint","urlTemplate":"https:\/\/psykologvirke.no\/?s={search_term_string}"},"query-input":{"@type":"PropertyValueSpecification","valueRequired":true,"valueName":"search_term_string"}}],"inLanguage":"en-GB"},{"@type":"Organization","@id":"https:\/\/psykologvirke.no\/#organization","name":"Psykologvirke","url":"https:\/\/psykologvirke.no\/","logo":{"@type":"ImageObject","inLanguage":"en-GB","@id":"https:\/\/psykologvirke.no\/#\/schema\/logo\/image\/","url":"https:\/\/psykologvirke.no\/wp-content\/uploads\/2022\/07\/logo-stacked-psykolgovirke.png","contentUrl":"https:\/\/psykologvirke.no\/wp-content\/uploads\/2022\/07\/logo-stacked-psykolgovirke.png","width":273,"height":288,"caption":"Psykologvirke"},"image":{"@id":"https:\/\/psykologvirke.no\/#\/schema\/logo\/image\/"},"sameAs":["https:\/\/www.facebook.com\/psykologvirke"]}]}},"featured_image_src":"https:\/\/psykologvirke.no\/wp-content\/uploads\/2016\/12\/Samlivsbrudd.jpg","featured_image_src_square":"https:\/\/psykologvirke.no\/wp-content\/uploads\/2016\/12\/Samlivsbrudd.jpg","_links":{"self":[{"href":"https:\/\/psykologvirke.no\/en\/wp-json\/wp\/v2\/pages\/135","targetHints":{"allow":["GET"]}}],"collection":[{"href":"https:\/\/psykologvirke.no\/en\/wp-json\/wp\/v2\/pages"}],"about":[{"href":"https:\/\/psykologvirke.no\/en\/wp-json\/wp\/v2\/types\/page"}],"author":[{"embeddable":true,"href":"https:\/\/psykologvirke.no\/en\/wp-json\/wp\/v2\/users\/1"}],"replies":[{"embeddable":true,"href":"https:\/\/psykologvirke.no\/en\/wp-json\/wp\/v2\/comments?post=135"}],"version-history":[{"count":0,"href":"https:\/\/psykologvirke.no\/en\/wp-json\/wp\/v2\/pages\/135\/revisions"}],"up":[{"embeddable":true,"href":"https:\/\/psykologvirke.no\/en\/wp-json\/wp\/v2\/pages\/48"}],"wp:featuredmedia":[{"embeddable":true,"href":"https:\/\/psykologvirke.no\/en\/wp-json\/wp\/v2\/media\/409"}],"wp:attachment":[{"href":"https:\/\/psykologvirke.no\/en\/wp-json\/wp\/v2\/media?parent=135"}],"wp:term":[{"taxonomy":"terapiretning","embeddable":true,"href":"https:\/\/psykologvirke.no\/en\/wp-json\/wp\/v2\/terapiretning?post=135"},{"taxonomy":"tidspunkter","embeddable":true,"href":"https:\/\/psykologvirke.no\/en\/wp-json\/wp\/v2\/tidspunkter?post=135"},{"taxonomy":"tjeneste","embeddable":true,"href":"https:\/\/psykologvirke.no\/en\/wp-json\/wp\/v2\/tjeneste?post=135"}],"curies":[{"name":"wp","href":"https:\/\/api.w.org\/{rel}","templated":true}]}}