{"id":2601,"date":"2022-06-29T12:11:57","date_gmt":"2022-06-29T10:11:57","guid":{"rendered":"https:\/\/psykologvirke.no\/?page_id=2601"},"modified":"2024-10-03T10:34:32","modified_gmt":"2024-10-03T08:34:32","slug":"traumesensitiv-yoga","status":"publish","type":"page","link":"https:\/\/psykologvirke.no\/en\/traumesenteret\/traumebehandling\/traumesensitiv-yoga\/","title":{"rendered":"Trauma-sensitive yoga"},"content":{"rendered":"<h4 class=\"wp-block-heading\" id=\"h-hvordan-pavirker-traumer-kroppen-var\">How does trauma affect our body?<\/h4>\n\n\n\n<p>A characteristic of many who have experienced traumatic events is a feeling that the body is stuck in the past. As if the body&#039;s alarm system is turned on and then never completely turned off again. <\/p>\n\n\n\n<p>The famous psychiatrist Bessel van der Kolk talks about that <em>&quot;the body keeps the accounts&quot;<\/em>. Even if one survived, the body may still carry the burden of the event through chronic tension, sleep problems or somatic complaints. <\/p>\n\n\n\n<p>There is often an experience of a disconnection between body and mind, that the body feels foreign and that one is helpless. <\/p>\n\n\n\n<p>The way out of the suffering is therefore largely about coming home to your body again and experiencing that you live in the present.\u00a0<\/p>\n\n\n\n<h4 class=\"wp-block-heading\" id=\"h-samtaleterapi-ikke-alltid-tilstrekkelig\">Talk therapy not always sufficient<\/h4>\n\n\n\n<p>It is an acknowledgment that for some clients, talk therapy alone is not sufficient, and techniques are needed to work directly with the somatic elements of the trauma disorder. <\/p>\n\n\n\n<p>Trauma-sensitive yoga therapy is a neurobiological approach to healing, and addresses the somatic imprint the traumatic experiences have had on the body and mind. <\/p>\n\n\n\n<p>Trauma-sensitive yoga has therefore been recognized as an effective complementary treatment approach to psychotherapy (Macy et al., 2018).\u00a0<\/p>\n\n\n\n<h4 class=\"wp-block-heading\" id=\"h-hvordan-kan-traumesensitiv-yoga-hjelpe\">How can trauma sensitive yoga help?<\/h4>\n\n\n\n<p>Yoga itself is an ancient system of addressing human suffering, integrating all parts of one&#039;s experience, and being present in the present. <\/p>\n\n\n\n<p>Trauma-sensitive yoga is a gentle and compassionate approach that encourages you to gradually turn your attention to the inner physical and sensory experiences. <\/p>\n\n\n\n<p>In this way, one increases the ability to stand in unpleasant emotions and to transform tensions that are stuck in the body.\u00a0<\/p>\n\n\n\n<h4 class=\"wp-block-heading\" id=\"h-mot-fleksibilitet-og-kapasitet\">Towards flexibility and capacity<\/h4>\n\n\n\n<p>Through various yoga positions, movements and focus on breathing, you train your nervous system to become more flexible, increase your inner strength and self-care, learn to be a witness to your own experiences and cultivate a more positive relationship with your own body. <\/p>\n\n\n\n<p>Many also find that through yoga you can gain a more generalized acceptance and confidence in your own self. In addition, a lot of work is done with freedom of choice, agency and boundary setting. <\/p>\n\n\n\n<p>In contrast to regular yoga classes, the therapist will not provide physical adjustments, and rather the focus is on the client being able to explore their own body. The treatment can also offer a spiritual perspective that can help you see that even if you wish the bad thing had never happened, it can at the same time be a catalyst for positive growth.\u00a0<\/p>\n\n\n\n<h4 class=\"wp-block-heading\" id=\"h-for-mer-informasjon-eller-kontakt\">For more information or contact<\/h4>\n\n\n\n<p>If you have questions about trauma-sensitive yoga or wonder if it might be something for you, please get in touch via our <a href=\"https:\/\/psykologvirke.no\/bestill-time-2\/\">contact form<\/a> or directly with <em><strong>anja@psykologvirke.no<\/strong><\/em>. <\/p>\n\n\n\n<p>You can also sign up for one of our current ones <a href=\"https:\/\/psykologvirke.no\/traumesenteret\/traumebehandling\/traumesensitiv-yoga-2\/\">treatment course<\/a>.<\/p>\n\n\n\n<p><a href=\"https:\/\/www.traumasensitiveyoga.com\/resources\/audio-video\">Here you can read more, watch a video or listen to a podcast.<\/a> <\/p>\n\n\n\n<p><strong>References<\/strong><\/p>\n\n\n\n<p><em>Macy, RJ, Jones, E., Graham, LM, &amp; Roach, L. (2018). Yoga for trauma and related mental health problems: A meta-review with clinical and service recommendations. Trauma, Violence, &amp; Abuse, 19(1), 35-57.<\/em><\/p>","protected":false},"excerpt":{"rendered":"<p>How does trauma affect our body? A characteristic of many who have experienced traumatic events is a feeling that the body is stuck in the past. As if the body&#039;s alarm system is turned on and then never completely turned off again. The famous psychiatrist Bessel van der Kolk&nbsp;<a class=\"read-more\" href=\"https:\/\/psykologvirke.no\/en\/traumesenteret\/traumebehandling\/traumesensitiv-yoga\/\">\u2026<\/a><\/p>","protected":false},"author":5,"featured_media":3566,"parent":2589,"menu_order":0,"comment_status":"closed","ping_status":"closed","template":"","meta":{"_acf_changed":false,"footnotes":""},"terapiretning":[],"tidspunkter":[],"tjeneste":[],"class_list":["post-2601","page","type-page","status-publish","has-post-thumbnail","hentry"],"acf":[],"yoast_head":"<!-- This site is optimized with the Yoast SEO Premium plugin v25.1 (Yoast SEO v27.5) - https:\/\/yoast.com\/product\/yoast-seo-premium-wordpress\/ -->\n<title>Traumesensitiv yoga - Privat psykolog Oslo sentrum - Psykologvirke<\/title>\n<meta name=\"description\" content=\"\u00d8k din indre styrke, fleksibilitet og evne selvomsorg. \u00d8k din evne til tilstedev\u00e6relse og n\u00e6rv\u00e6r. Bygg et positivt forhold til egen kropp.\" \/>\n<meta name=\"robots\" content=\"index, follow, max-snippet:-1, max-image-preview:large, max-video-preview:-1\" \/>\n<link rel=\"canonical\" href=\"https:\/\/psykologvirke.no\/en\/traumesenteret\/traumebehandling\/traumesensitiv-yoga\/\" \/>\n<meta property=\"og:locale\" content=\"en_GB\" \/>\n<meta property=\"og:type\" content=\"article\" \/>\n<meta property=\"og:title\" content=\"Traumesensitiv yoga\" \/>\n<meta property=\"og:description\" content=\"\u00d8k din indre styrke, fleksibilitet og evne selvomsorg. \u00d8k din evne til tilstedev\u00e6relse og n\u00e6rv\u00e6r. Bygg et positivt forhold til egen kropp.\" \/>\n<meta property=\"og:url\" content=\"https:\/\/psykologvirke.no\/en\/traumesenteret\/traumebehandling\/traumesensitiv-yoga\/\" \/>\n<meta property=\"og:site_name\" content=\"Privat psykolog Oslo sentrum - Psykologvirke\" \/>\n<meta property=\"article:publisher\" content=\"https:\/\/www.facebook.com\/psykologvirke\" \/>\n<meta property=\"article:modified_time\" content=\"2024-10-03T08:34:32+00:00\" \/>\n<meta property=\"og:image\" content=\"https:\/\/psykologvirke.no\/wp-content\/uploads\/2023\/05\/Traumesensitiv-yoga.jpg\" \/>\n\t<meta property=\"og:image:width\" content=\"431\" \/>\n\t<meta property=\"og:image:height\" content=\"241\" \/>\n\t<meta property=\"og:image:type\" content=\"image\/jpeg\" \/>\n<meta name=\"twitter:card\" content=\"summary_large_image\" \/>\n<meta name=\"twitter:label1\" content=\"Estimated reading time\" \/>\n\t<meta name=\"twitter:data1\" content=\"3 minutes\" \/>\n<script type=\"application\/ld+json\" class=\"yoast-schema-graph\">{\"@context\":\"https:\\\/\\\/schema.org\",\"@graph\":[{\"@type\":\"WebPage\",\"@id\":\"https:\\\/\\\/psykologvirke.no\\\/traumesenteret\\\/traumebehandling\\\/traumesensitiv-yoga\\\/\",\"url\":\"https:\\\/\\\/psykologvirke.no\\\/traumesenteret\\\/traumebehandling\\\/traumesensitiv-yoga\\\/\",\"name\":\"Traumesensitiv yoga - Privat psykolog Oslo sentrum - Psykologvirke\",\"isPartOf\":{\"@id\":\"https:\\\/\\\/psykologvirke.no\\\/#website\"},\"primaryImageOfPage\":{\"@id\":\"https:\\\/\\\/psykologvirke.no\\\/traumesenteret\\\/traumebehandling\\\/traumesensitiv-yoga\\\/#primaryimage\"},\"image\":{\"@id\":\"https:\\\/\\\/psykologvirke.no\\\/traumesenteret\\\/traumebehandling\\\/traumesensitiv-yoga\\\/#primaryimage\"},\"thumbnailUrl\":\"https:\\\/\\\/psykologvirke.no\\\/wp-content\\\/uploads\\\/2023\\\/05\\\/Traumesensitiv-yoga.jpg\",\"datePublished\":\"2022-06-29T10:11:57+00:00\",\"dateModified\":\"2024-10-03T08:34:32+00:00\",\"description\":\"\u00d8k din indre styrke, fleksibilitet og evne selvomsorg. \u00d8k din evne til tilstedev\u00e6relse og n\u00e6rv\u00e6r. Bygg et positivt forhold til egen kropp.\",\"breadcrumb\":{\"@id\":\"https:\\\/\\\/psykologvirke.no\\\/traumesenteret\\\/traumebehandling\\\/traumesensitiv-yoga\\\/#breadcrumb\"},\"inLanguage\":\"en-GB\",\"potentialAction\":[{\"@type\":\"ReadAction\",\"target\":[\"https:\\\/\\\/psykologvirke.no\\\/traumesenteret\\\/traumebehandling\\\/traumesensitiv-yoga\\\/\"]}]},{\"@type\":\"ImageObject\",\"inLanguage\":\"en-GB\",\"@id\":\"https:\\\/\\\/psykologvirke.no\\\/traumesenteret\\\/traumebehandling\\\/traumesensitiv-yoga\\\/#primaryimage\",\"url\":\"https:\\\/\\\/psykologvirke.no\\\/wp-content\\\/uploads\\\/2023\\\/05\\\/Traumesensitiv-yoga.jpg\",\"contentUrl\":\"https:\\\/\\\/psykologvirke.no\\\/wp-content\\\/uploads\\\/2023\\\/05\\\/Traumesensitiv-yoga.jpg\",\"width\":431,\"height\":241,\"caption\":\"Traumesensitiv yoga ved Psykologvirke\"},{\"@type\":\"BreadcrumbList\",\"@id\":\"https:\\\/\\\/psykologvirke.no\\\/traumesenteret\\\/traumebehandling\\\/traumesensitiv-yoga\\\/#breadcrumb\",\"itemListElement\":[{\"@type\":\"ListItem\",\"position\":1,\"name\":\"Hjem\",\"item\":\"https:\\\/\\\/psykologvirke.no\\\/\"},{\"@type\":\"ListItem\",\"position\":2,\"name\":\"Traumesenteret | Effektiv behandling av kompleks PTSD, traume symptomer og komplekse traumer\",\"item\":\"https:\\\/\\\/psykologvirke.no\\\/traumesenteret\\\/\"},{\"@type\":\"ListItem\",\"position\":3,\"name\":\"Traumebehandling\",\"item\":\"https:\\\/\\\/psykologvirke.no\\\/traumesenteret\\\/traumebehandling\\\/\"},{\"@type\":\"ListItem\",\"position\":4,\"name\":\"Traumesensitiv yoga\"}]},{\"@type\":\"WebSite\",\"@id\":\"https:\\\/\\\/psykologvirke.no\\\/#website\",\"url\":\"https:\\\/\\\/psykologvirke.no\\\/\",\"name\":\"Privat psykolog i Oslo sentrum - Psykologvirke\",\"description\":\"Privat psykolog Oslo sentrum\",\"publisher\":{\"@id\":\"https:\\\/\\\/psykologvirke.no\\\/#organization\"},\"potentialAction\":[{\"@type\":\"SearchAction\",\"target\":{\"@type\":\"EntryPoint\",\"urlTemplate\":\"https:\\\/\\\/psykologvirke.no\\\/?s={search_term_string}\"},\"query-input\":{\"@type\":\"PropertyValueSpecification\",\"valueRequired\":true,\"valueName\":\"search_term_string\"}}],\"inLanguage\":\"en-GB\"},{\"@type\":\"Organization\",\"@id\":\"https:\\\/\\\/psykologvirke.no\\\/#organization\",\"name\":\"Psykologvirke\",\"url\":\"https:\\\/\\\/psykologvirke.no\\\/\",\"logo\":{\"@type\":\"ImageObject\",\"inLanguage\":\"en-GB\",\"@id\":\"https:\\\/\\\/psykologvirke.no\\\/#\\\/schema\\\/logo\\\/image\\\/\",\"url\":\"https:\\\/\\\/psykologvirke.no\\\/wp-content\\\/uploads\\\/2022\\\/07\\\/logo-stacked-psykolgovirke.png\",\"contentUrl\":\"https:\\\/\\\/psykologvirke.no\\\/wp-content\\\/uploads\\\/2022\\\/07\\\/logo-stacked-psykolgovirke.png\",\"width\":273,\"height\":288,\"caption\":\"Psykologvirke\"},\"image\":{\"@id\":\"https:\\\/\\\/psykologvirke.no\\\/#\\\/schema\\\/logo\\\/image\\\/\"},\"sameAs\":[\"https:\\\/\\\/www.facebook.com\\\/psykologvirke\"]}]}<\/script>\n<!-- \/ Yoast SEO Premium plugin. -->","yoast_head_json":{"title":"Trauma-sensitive yoga - Private psychologist Oslo center - Psykologvirke","description":"Increase your inner strength, flexibility and ability to self-care. Increase your capacity for presence and presence. Build a positive relationship with your own body.","robots":{"index":"index","follow":"follow","max-snippet":"max-snippet:-1","max-image-preview":"max-image-preview:large","max-video-preview":"max-video-preview:-1"},"canonical":"https:\/\/psykologvirke.no\/en\/traumesenteret\/traumebehandling\/traumesensitiv-yoga\/","og_locale":"en_GB","og_type":"article","og_title":"Traumesensitiv yoga","og_description":"\u00d8k din indre styrke, fleksibilitet og evne selvomsorg. \u00d8k din evne til tilstedev\u00e6relse og n\u00e6rv\u00e6r. Bygg et positivt forhold til egen kropp.","og_url":"https:\/\/psykologvirke.no\/en\/traumesenteret\/traumebehandling\/traumesensitiv-yoga\/","og_site_name":"Privat psykolog Oslo sentrum - Psykologvirke","article_publisher":"https:\/\/www.facebook.com\/psykologvirke","article_modified_time":"2024-10-03T08:34:32+00:00","og_image":[{"width":431,"height":241,"url":"https:\/\/psykologvirke.no\/wp-content\/uploads\/2023\/05\/Traumesensitiv-yoga.jpg","type":"image\/jpeg"}],"twitter_card":"summary_large_image","twitter_misc":{"Estimated reading time":"3 minutes"},"schema":{"@context":"https:\/\/schema.org","@graph":[{"@type":"WebPage","@id":"https:\/\/psykologvirke.no\/traumesenteret\/traumebehandling\/traumesensitiv-yoga\/","url":"https:\/\/psykologvirke.no\/traumesenteret\/traumebehandling\/traumesensitiv-yoga\/","name":"Trauma-sensitive yoga - Private psychologist Oslo center - Psykologvirke","isPartOf":{"@id":"https:\/\/psykologvirke.no\/#website"},"primaryImageOfPage":{"@id":"https:\/\/psykologvirke.no\/traumesenteret\/traumebehandling\/traumesensitiv-yoga\/#primaryimage"},"image":{"@id":"https:\/\/psykologvirke.no\/traumesenteret\/traumebehandling\/traumesensitiv-yoga\/#primaryimage"},"thumbnailUrl":"https:\/\/psykologvirke.no\/wp-content\/uploads\/2023\/05\/Traumesensitiv-yoga.jpg","datePublished":"2022-06-29T10:11:57+00:00","dateModified":"2024-10-03T08:34:32+00:00","description":"Increase your inner strength, flexibility and ability to self-care. Increase your capacity for presence and presence. Build a positive relationship with your own body.","breadcrumb":{"@id":"https:\/\/psykologvirke.no\/traumesenteret\/traumebehandling\/traumesensitiv-yoga\/#breadcrumb"},"inLanguage":"en-GB","potentialAction":[{"@type":"ReadAction","target":["https:\/\/psykologvirke.no\/traumesenteret\/traumebehandling\/traumesensitiv-yoga\/"]}]},{"@type":"ImageObject","inLanguage":"en-GB","@id":"https:\/\/psykologvirke.no\/traumesenteret\/traumebehandling\/traumesensitiv-yoga\/#primaryimage","url":"https:\/\/psykologvirke.no\/wp-content\/uploads\/2023\/05\/Traumesensitiv-yoga.jpg","contentUrl":"https:\/\/psykologvirke.no\/wp-content\/uploads\/2023\/05\/Traumesensitiv-yoga.jpg","width":431,"height":241,"caption":"Traumesensitiv yoga ved Psykologvirke"},{"@type":"BreadcrumbList","@id":"https:\/\/psykologvirke.no\/traumesenteret\/traumebehandling\/traumesensitiv-yoga\/#breadcrumb","itemListElement":[{"@type":"ListItem","position":1,"name":"Hjem","item":"https:\/\/psykologvirke.no\/"},{"@type":"ListItem","position":2,"name":"Traumesenteret | Effektiv behandling av kompleks PTSD, traume symptomer og komplekse traumer","item":"https:\/\/psykologvirke.no\/traumesenteret\/"},{"@type":"ListItem","position":3,"name":"Traumebehandling","item":"https:\/\/psykologvirke.no\/traumesenteret\/traumebehandling\/"},{"@type":"ListItem","position":4,"name":"Traumesensitiv yoga"}]},{"@type":"WebSite","@id":"https:\/\/psykologvirke.no\/#website","url":"https:\/\/psykologvirke.no\/","name":"Private psychologist in central Oslo - Psychological work","description":"Private psychologist Oslo centre","publisher":{"@id":"https:\/\/psykologvirke.no\/#organization"},"potentialAction":[{"@type":"SearchAction","target":{"@type":"EntryPoint","urlTemplate":"https:\/\/psykologvirke.no\/?s={search_term_string}"},"query-input":{"@type":"PropertyValueSpecification","valueRequired":true,"valueName":"search_term_string"}}],"inLanguage":"en-GB"},{"@type":"Organization","@id":"https:\/\/psykologvirke.no\/#organization","name":"Psykologvirke","url":"https:\/\/psykologvirke.no\/","logo":{"@type":"ImageObject","inLanguage":"en-GB","@id":"https:\/\/psykologvirke.no\/#\/schema\/logo\/image\/","url":"https:\/\/psykologvirke.no\/wp-content\/uploads\/2022\/07\/logo-stacked-psykolgovirke.png","contentUrl":"https:\/\/psykologvirke.no\/wp-content\/uploads\/2022\/07\/logo-stacked-psykolgovirke.png","width":273,"height":288,"caption":"Psykologvirke"},"image":{"@id":"https:\/\/psykologvirke.no\/#\/schema\/logo\/image\/"},"sameAs":["https:\/\/www.facebook.com\/psykologvirke"]}]}},"featured_image_src":"https:\/\/psykologvirke.no\/wp-content\/uploads\/2023\/05\/Traumesensitiv-yoga.jpg","featured_image_src_square":"https:\/\/psykologvirke.no\/wp-content\/uploads\/2023\/05\/Traumesensitiv-yoga.jpg","_links":{"self":[{"href":"https:\/\/psykologvirke.no\/en\/wp-json\/wp\/v2\/pages\/2601","targetHints":{"allow":["GET"]}}],"collection":[{"href":"https:\/\/psykologvirke.no\/en\/wp-json\/wp\/v2\/pages"}],"about":[{"href":"https:\/\/psykologvirke.no\/en\/wp-json\/wp\/v2\/types\/page"}],"author":[{"embeddable":true,"href":"https:\/\/psykologvirke.no\/en\/wp-json\/wp\/v2\/users\/5"}],"replies":[{"embeddable":true,"href":"https:\/\/psykologvirke.no\/en\/wp-json\/wp\/v2\/comments?post=2601"}],"version-history":[{"count":0,"href":"https:\/\/psykologvirke.no\/en\/wp-json\/wp\/v2\/pages\/2601\/revisions"}],"up":[{"embeddable":true,"href":"https:\/\/psykologvirke.no\/en\/wp-json\/wp\/v2\/pages\/2589"}],"wp:featuredmedia":[{"embeddable":true,"href":"https:\/\/psykologvirke.no\/en\/wp-json\/wp\/v2\/media\/3566"}],"wp:attachment":[{"href":"https:\/\/psykologvirke.no\/en\/wp-json\/wp\/v2\/media?parent=2601"}],"wp:term":[{"taxonomy":"terapiretning","embeddable":true,"href":"https:\/\/psykologvirke.no\/en\/wp-json\/wp\/v2\/terapiretning?post=2601"},{"taxonomy":"tidspunkter","embeddable":true,"href":"https:\/\/psykologvirke.no\/en\/wp-json\/wp\/v2\/tidspunkter?post=2601"},{"taxonomy":"tjeneste","embeddable":true,"href":"https:\/\/psykologvirke.no\/en\/wp-json\/wp\/v2\/tjeneste?post=2601"}],"curies":[{"name":"wp","href":"https:\/\/api.w.org\/{rel}","templated":true}]}}