{"id":537,"date":"2018-09-02T11:53:41","date_gmt":"2018-09-02T09:53:41","guid":{"rendered":"https:\/\/psykologvirke.wpengine.com\/?page_id=537"},"modified":"2024-10-03T10:02:59","modified_gmt":"2024-10-03T08:02:59","slug":"alkohol-psykolog-behandling","status":"publish","type":"page","link":"https:\/\/psykologvirke.no\/en\/therapy-oslo\/alcohol-psychologist-treatment\/","title":{"rendered":"Treatment for Issues with Alcohol with Psychologists in Oslo"},"content":{"rendered":"<p>We are here to support you.<\/p>\n\n\n\n<h3 class=\"wp-block-heading\" id=\"h-drikker-du-for-mye-alkohol-eller-er-du-usikker-onsker-du-a-drofte-dette-nbsp-med-psykolog-har-du-og-de-naermeste-nbsp-ulikt-syn-pa-alkohol\"><strong>Are you drinking too much alcohol, or are you unsure? Would you like to discuss this with a psychologist? Do you and your loved ones have different views on alcohol? <\/strong><\/h3>\n\n\n\n<p>Psykologvirke offers a high level of competence in the treatment of alcohol problems ranging in degrees of severity.<\/p>\n\n\n\n<p>From alcohol abuse and the dependence associated with alcoholism, to drinking a little too much on a daily basis or in social settings.<\/p>\n\n\n\n<p>You get to come straight to the experienced <a href=\"https:\/\/psykologvirke.no\/\">psychologist Oslo<\/a> downtown. You can read more about how we understand and work with alcohol problems in this short article.<\/p>\n\n\n\n<p>If you have already decided to contact a psychologist to explore your relationship to alcohol you can <a href=\"https:\/\/psykologvirke.no\/om-oss\">schedule an appointment here.\u00a0<\/a>\u00a0Family members and friends who are impacted by a loved one\u2019s drinking are also welcome to contact us.<\/p>\n\n\n\n<div class=\"wp-block-button\"><a class=\"wp-block-button__link has-text-color has-background has-link-color wp-element-button\" href=\"https:\/\/psykologvirke.no\/om-oss\" style=\"border-radius:4px;color:#ffdfb6;background-color:#264d48\"><strong>Give it a try \u2013 book an appointment quickly and easily<\/strong><\/a><\/div>\n\n\n\n<p><\/p>\n\n\n\n<h2 class=\"wp-block-heading\" id=\"h-psykolog-og-alkohol-fra-alkoholisme-til-a-drikke-for-mye-pa-fest\">Psychology and alcohol - from alcoholism to drinking too much in social situations<\/h2>\n\n\n\n<p>Sometimes you have an obvious problem and need help to acknowledge this and overcome it. Some people have developed a serious alcohol addiction and have to stop completely, at least for a period. <\/p>\n\n\n\n<p>For most people, their issues with alcohol are much more nuanced. Maybe there are just a few unfortunate incidents that only occur once in a while. <\/p>\n\n\n\n<p>Or perhaps you have developed a bad habit of a little daily drinking that ends up limiting your life and\/or creating friction in relationships. <\/p>\n\n\n\n<p>Maybe it isn\u2019t the dependency on alcohol itself that is so problematic but rather that you use alcohol to regulate various emotional states      or that you simply have developed a bad habit. <\/p>\n\n\n\n<p>Perhaps your life situation has changed so that drinking patterns that were previously unproblematic now need to be revised?<\/p>\n\n\n\n<h2 class=\"wp-block-heading\" id=\"h-terapi-hos-psykolog-avholds-alkoholisme-eller-alt-i-mellom\">Therapy with a Psychologist - abstinence, alcoholism and everything in between<\/h2>\n\n\n\n<p>In therapy that focuses on alcohol use, whether we are dealing with true alcoholism involving dependency and abuse, or a little too much daily drinking or social drinking, we begin with addressing how you are experiencing problems here and now. <\/p>\n\n\n\n<p>Our psychology staff work with concrete examples from everyday life where your relationship to alcohol has proved problematic. <\/p>\n\n\n\n<p>We will work actively to understand the triggering and maintaining mechanisms, not least those that we are unable to notice ourselves.<\/p>\n\n\n\n<h2 class=\"wp-block-heading\" id=\"h-behandling-av-alkoholavhengighet-psykologiske-innfallsvinkler\">Treatment of alcohol dependence \u2013 psychological approaches<\/h2>\n\n\n\n<p>Therapeutic work with alcohol issues involves addressing both the inner dynamics of the drinking patterns as well as the function drinking has in the regulation of emotional states. <\/p>\n\n\n\n<p>We work both with strategies and tools for behavioral changes, to &quot;resist&quot; and reduce or cut down on alcohol consumption, but also find new ways to get some of the benefits that alcohol provides. <\/p>\n\n\n\n<p>We always try to look for, and possibly heal, core problems in the psyche and\/or everyday life that may lead to increased alcohol consumption.<\/p>\n\n\n\n<h2 class=\"wp-block-heading\" id=\"h-alkoloisme-alkoholproblemer-hos-psykolog-i-oslo\">Addressing alcoholism\/alcohol issues with a psychologist in Oslo<\/h2>\n\n\n\n<p>Is it possible that you are regularly repressing some feelings and needs? Feelings and needs that can manifest themselves suddenly once you start drinking? <\/p>\n\n\n\n<p>Could the suppression of these feelings and needs itself create an underlying tension in the body that alcohol can relieve? <\/p>\n\n\n\n<p>Or can repression contribute to unhappiness so you need a pick-me-up? <\/p>\n\n\n\n<p>Do you only drink too much in certain situations or around people that seem to trigger something within yourself? Is social anxiety a variable that we can take the edges off of? <\/p>\n\n\n\n<p>Is your life simply too stressful? Is your drinking part of generally avoidant attempts to cope with various life issues?<\/p>\n\n\n\n<p>These and similar factors play out to varying degrees and we are not always equally aware of all of them.<\/p>\n\n\n\n<h2 class=\"wp-block-heading\" id=\"h-alkohol-hvordan-kan-behandling-hos-psykolog-hjelpe\">Alcohol \u2013 how can treatment with a psychologist help?<\/h2>\n\n\n\n<p>Through the work of investigating, mobilizing and addressing these issues, relevant links to the past often emerge, and we then also work in depth with these, even though the main focus is on your everyday life here and now. <\/p>\n\n\n\n<p>We actively work to <em>mobilize<\/em> and build your tolerance for the conscious and not least <em>unconscious<\/em> the emotional difficulties that sometimes underlie alcohol problems.<\/p>\n\n\n\n<p>Becoming aware of the various unconscious conflict points in the psyche can make processing possible - rather than leaving internal situations unbalanced and unresolved. <\/p>\n\n\n\n<p>Thus, you can resolve eventual remnants from your past that have gotten \u201cstuck\u201d, become aware of your patterns and achieve lasting      change going forward. <\/p>\n\n\n\n<p>We seek to combine a depth psychological perspective with a distinctly active working method, where we neither dig into the past for the sake of digging, nor merely scratch the surface.\u00a0<\/p>\n\n\n\n<p>You can read more concerning our conceptualization of how most emotional issues develop and <a href=\"https:\/\/psykologvirke.no\/fagstoff\/terapi-psykoterapi-samtaleterapi\/\">how therapy can help<\/a>.<\/p>\n\n\n\n<h2 class=\"wp-block-heading\" id=\"h-psykolog-og-alkohol-hvor-lang-tid-tar-behandlingen\">Psychologists and alcohol - what is the expected treatment length?<\/h2>\n\n\n\n<p>The extent to which the work helps you depends largely on the collaboration we manage to establish. Gaining a shared understanding of the mechanisms that lead to your difficulties, and agreeing on constructive approaches, is a natural goal at the start.\u00a0<\/p>\n\n\n\n<p>You will quickly find out if therapy to address alcohol issues is something for you.<\/p>\n\n\n\n<p>Working with alcohol problems is rarely a quick fix. But how long we need depends very much on how deep the problems run, the structures in your psyche, and how well we are able to establish cooperation. <\/p>\n\n\n\n<p>Sometimes just a handful of sessions can help. We will be able to give an evaluation of the expected treatment length within the first few sessions and will attempt to outline what is needed to help with your particular issues with alcohol.<\/p>\n\n\n\n<p>If you are still uncertain if your challenges with alcohol require psychological assistance, taking this <a href=\"https:\/\/rop.no\/snakkomrus\/rammeverk\/index.html?formname=AUDIT&formname=AUDIT\" target=\"_blank\" rel=\"noopener noreferrer\">reputable online test<\/a> may help point you in the right direction.<\/p>\n\n\n\n<p>We wish you the best with the important project you are embarking upon. We would be more than happy to contribute to the work you want to do.     . <\/p>\n\n\n\n<div class=\"wp-block-button\"><a class=\"wp-block-button__link has-text-color has-background has-link-color wp-element-button\" href=\"https:\/\/psykologvirke.no\/om-oss\" style=\"border-radius:4px;color:#ffdfb6;background-color:#264d48\"><strong>Give it a try \u2013 book an appointment now<\/strong><\/a><\/div>\n\n\n\n<p><\/p>","protected":false},"excerpt":{"rendered":"<p>Vi er her for \u00e5 bist\u00e5 deg: Drikker du for mye alkohol, eller er du usikker? \u00d8nsker du \u00e5 dr\u00f8fte dette\u00a0med psykolog? Har du og de n\u00e6rmeste\u00a0ulikt syn p\u00e5 alkohol? Psykologvirke har h\u00f8y kompetanse i behandling av alkoholproblemer over hele skalaen av alvorlighet. Fra ren&nbsp;<a class=\"read-more\" href=\"https:\/\/psykologvirke.no\/en\/therapy-oslo\/alcohol-psychologist-treatment\/\">\u2026<\/a><\/p>","protected":false},"author":1,"featured_media":0,"parent":48,"menu_order":0,"comment_status":"closed","ping_status":"closed","template":"","meta":{"_acf_changed":false,"footnotes":""},"terapiretning":[],"tidspunkter":[],"tjeneste":[],"class_list":["post-537","page","type-page","status-publish","hentry"],"acf":[],"yoast_head":"<!-- This site is optimized with the Yoast SEO Premium plugin v25.1 (Yoast SEO v27.5) - https:\/\/yoast.com\/product\/yoast-seo-premium-wordpress\/ -->\n<title>Behandling av alkoholproblemer | Psykolog i Oslo | Psykologvirke<\/title>\n<meta name=\"description\" content=\"Dr\u00f8ft ditt forhold til alkohol hos en psykolog med spesialistkompetanse. Alle alvorlighetsgrader. Ogs\u00e5 behandling for milde alkoholproblemer.\" \/>\n<meta name=\"robots\" content=\"index, follow, max-snippet:-1, max-image-preview:large, max-video-preview:-1\" \/>\n<link rel=\"canonical\" href=\"https:\/\/psykologvirke.no\/en\/terapi-oslo\/alkohol-psykolog-behandling\/\" \/>\n<meta property=\"og:locale\" content=\"en_GB\" \/>\n<meta property=\"og:type\" content=\"article\" \/>\n<meta property=\"og:title\" content=\"Behandling ved problemer med alkohol hos psykolog i Oslo\" \/>\n<meta property=\"og:description\" content=\"Dr\u00f8ft ditt forhold til alkohol hos en psykolog med spesialistkompetanse. Alle alvorlighetsgrader. Ogs\u00e5 behandling for milde alkoholproblemer.\" \/>\n<meta property=\"og:url\" content=\"https:\/\/psykologvirke.no\/en\/terapi-oslo\/alkohol-psykolog-behandling\/\" \/>\n<meta property=\"og:site_name\" content=\"Privat psykolog Oslo sentrum - Psykologvirke\" \/>\n<meta property=\"article:publisher\" content=\"https:\/\/www.facebook.com\/psykologvirke\" \/>\n<meta property=\"article:modified_time\" content=\"2024-10-03T08:02:59+00:00\" \/>\n<meta property=\"og:image\" content=\"https:\/\/psykologvirke.no\/wp-content\/uploads\/2023\/11\/Privat-psykolog-oslo-sentrum-kontor-2-transformed-1.png\" \/>\n\t<meta property=\"og:image:width\" content=\"596\" \/>\n\t<meta property=\"og:image:height\" content=\"350\" \/>\n\t<meta property=\"og:image:type\" content=\"image\/png\" \/>\n<meta name=\"twitter:card\" content=\"summary_large_image\" \/>\n<meta name=\"twitter:label1\" content=\"Estimated reading time\" \/>\n\t<meta name=\"twitter:data1\" content=\"5 minutes\" \/>\n<script type=\"application\/ld+json\" class=\"yoast-schema-graph\">{\"@context\":\"https:\\\/\\\/schema.org\",\"@graph\":[{\"@type\":\"WebPage\",\"@id\":\"https:\\\/\\\/psykologvirke.no\\\/terapi-oslo\\\/alkohol-psykolog-behandling\\\/\",\"url\":\"https:\\\/\\\/psykologvirke.no\\\/terapi-oslo\\\/alkohol-psykolog-behandling\\\/\",\"name\":\"Behandling av alkoholproblemer | Psykolog i Oslo | Psykologvirke\",\"isPartOf\":{\"@id\":\"https:\\\/\\\/psykologvirke.no\\\/#website\"},\"datePublished\":\"2018-09-02T09:53:41+00:00\",\"dateModified\":\"2024-10-03T08:02:59+00:00\",\"description\":\"Dr\u00f8ft ditt forhold til alkohol hos en psykolog med spesialistkompetanse. Alle alvorlighetsgrader. Ogs\u00e5 behandling for milde alkoholproblemer.\",\"breadcrumb\":{\"@id\":\"https:\\\/\\\/psykologvirke.no\\\/terapi-oslo\\\/alkohol-psykolog-behandling\\\/#breadcrumb\"},\"inLanguage\":\"en-GB\",\"potentialAction\":[{\"@type\":\"ReadAction\",\"target\":[\"https:\\\/\\\/psykologvirke.no\\\/terapi-oslo\\\/alkohol-psykolog-behandling\\\/\"]}]},{\"@type\":\"BreadcrumbList\",\"@id\":\"https:\\\/\\\/psykologvirke.no\\\/terapi-oslo\\\/alkohol-psykolog-behandling\\\/#breadcrumb\",\"itemListElement\":[{\"@type\":\"ListItem\",\"position\":1,\"name\":\"Hjem\",\"item\":\"https:\\\/\\\/psykologvirke.no\\\/\"},{\"@type\":\"ListItem\",\"position\":2,\"name\":\"Individuell samtaleterapi\",\"item\":\"https:\\\/\\\/psykologvirke.no\\\/terapi-oslo\\\/\"},{\"@type\":\"ListItem\",\"position\":3,\"name\":\"Behandling ved problemer med alkohol hos psykolog i Oslo\"}]},{\"@type\":\"WebSite\",\"@id\":\"https:\\\/\\\/psykologvirke.no\\\/#website\",\"url\":\"https:\\\/\\\/psykologvirke.no\\\/\",\"name\":\"Privat psykolog i Oslo sentrum - Psykologvirke\",\"description\":\"Privat psykolog Oslo sentrum\",\"publisher\":{\"@id\":\"https:\\\/\\\/psykologvirke.no\\\/#organization\"},\"potentialAction\":[{\"@type\":\"SearchAction\",\"target\":{\"@type\":\"EntryPoint\",\"urlTemplate\":\"https:\\\/\\\/psykologvirke.no\\\/?s={search_term_string}\"},\"query-input\":{\"@type\":\"PropertyValueSpecification\",\"valueRequired\":true,\"valueName\":\"search_term_string\"}}],\"inLanguage\":\"en-GB\"},{\"@type\":\"Organization\",\"@id\":\"https:\\\/\\\/psykologvirke.no\\\/#organization\",\"name\":\"Psykologvirke\",\"url\":\"https:\\\/\\\/psykologvirke.no\\\/\",\"logo\":{\"@type\":\"ImageObject\",\"inLanguage\":\"en-GB\",\"@id\":\"https:\\\/\\\/psykologvirke.no\\\/#\\\/schema\\\/logo\\\/image\\\/\",\"url\":\"https:\\\/\\\/psykologvirke.no\\\/wp-content\\\/uploads\\\/2022\\\/07\\\/logo-stacked-psykolgovirke.png\",\"contentUrl\":\"https:\\\/\\\/psykologvirke.no\\\/wp-content\\\/uploads\\\/2022\\\/07\\\/logo-stacked-psykolgovirke.png\",\"width\":273,\"height\":288,\"caption\":\"Psykologvirke\"},\"image\":{\"@id\":\"https:\\\/\\\/psykologvirke.no\\\/#\\\/schema\\\/logo\\\/image\\\/\"},\"sameAs\":[\"https:\\\/\\\/www.facebook.com\\\/psykologvirke\"]}]}<\/script>\n<!-- \/ Yoast SEO Premium plugin. -->","yoast_head_json":{"title":"Treatment of alcohol problems | Psychologist in Oslo | Psychological work","description":"Discuss your relationship with alcohol with a psychologist with specialist expertise. All degrees of severity. Also treatment for mild alcohol problems.","robots":{"index":"index","follow":"follow","max-snippet":"max-snippet:-1","max-image-preview":"max-image-preview:large","max-video-preview":"max-video-preview:-1"},"canonical":"https:\/\/psykologvirke.no\/en\/terapi-oslo\/alkohol-psykolog-behandling\/","og_locale":"en_GB","og_type":"article","og_title":"Behandling ved problemer med alkohol hos psykolog i Oslo","og_description":"Dr\u00f8ft ditt forhold til alkohol hos en psykolog med spesialistkompetanse. Alle alvorlighetsgrader. Ogs\u00e5 behandling for milde alkoholproblemer.","og_url":"https:\/\/psykologvirke.no\/en\/terapi-oslo\/alkohol-psykolog-behandling\/","og_site_name":"Privat psykolog Oslo sentrum - Psykologvirke","article_publisher":"https:\/\/www.facebook.com\/psykologvirke","article_modified_time":"2024-10-03T08:02:59+00:00","og_image":[{"width":596,"height":350,"url":"https:\/\/psykologvirke.no\/wp-content\/uploads\/2023\/11\/Privat-psykolog-oslo-sentrum-kontor-2-transformed-1.png","type":"image\/png"}],"twitter_card":"summary_large_image","twitter_misc":{"Estimated reading time":"5 minutes"},"schema":{"@context":"https:\/\/schema.org","@graph":[{"@type":"WebPage","@id":"https:\/\/psykologvirke.no\/terapi-oslo\/alkohol-psykolog-behandling\/","url":"https:\/\/psykologvirke.no\/terapi-oslo\/alkohol-psykolog-behandling\/","name":"Treatment of alcohol problems | Psychologist in Oslo | Psychological work","isPartOf":{"@id":"https:\/\/psykologvirke.no\/#website"},"datePublished":"2018-09-02T09:53:41+00:00","dateModified":"2024-10-03T08:02:59+00:00","description":"Discuss your relationship with alcohol with a psychologist with specialist expertise. All degrees of severity. Also treatment for mild alcohol problems.","breadcrumb":{"@id":"https:\/\/psykologvirke.no\/terapi-oslo\/alkohol-psykolog-behandling\/#breadcrumb"},"inLanguage":"en-GB","potentialAction":[{"@type":"ReadAction","target":["https:\/\/psykologvirke.no\/terapi-oslo\/alkohol-psykolog-behandling\/"]}]},{"@type":"BreadcrumbList","@id":"https:\/\/psykologvirke.no\/terapi-oslo\/alkohol-psykolog-behandling\/#breadcrumb","itemListElement":[{"@type":"ListItem","position":1,"name":"Hjem","item":"https:\/\/psykologvirke.no\/"},{"@type":"ListItem","position":2,"name":"Individuell samtaleterapi","item":"https:\/\/psykologvirke.no\/terapi-oslo\/"},{"@type":"ListItem","position":3,"name":"Behandling ved problemer med alkohol hos psykolog i Oslo"}]},{"@type":"WebSite","@id":"https:\/\/psykologvirke.no\/#website","url":"https:\/\/psykologvirke.no\/","name":"Private psychologist in central Oslo - Psychological work","description":"Private psychologist Oslo centre","publisher":{"@id":"https:\/\/psykologvirke.no\/#organization"},"potentialAction":[{"@type":"SearchAction","target":{"@type":"EntryPoint","urlTemplate":"https:\/\/psykologvirke.no\/?s={search_term_string}"},"query-input":{"@type":"PropertyValueSpecification","valueRequired":true,"valueName":"search_term_string"}}],"inLanguage":"en-GB"},{"@type":"Organization","@id":"https:\/\/psykologvirke.no\/#organization","name":"Psykologvirke","url":"https:\/\/psykologvirke.no\/","logo":{"@type":"ImageObject","inLanguage":"en-GB","@id":"https:\/\/psykologvirke.no\/#\/schema\/logo\/image\/","url":"https:\/\/psykologvirke.no\/wp-content\/uploads\/2022\/07\/logo-stacked-psykolgovirke.png","contentUrl":"https:\/\/psykologvirke.no\/wp-content\/uploads\/2022\/07\/logo-stacked-psykolgovirke.png","width":273,"height":288,"caption":"Psykologvirke"},"image":{"@id":"https:\/\/psykologvirke.no\/#\/schema\/logo\/image\/"},"sameAs":["https:\/\/www.facebook.com\/psykologvirke"]}]}},"featured_image_src":null,"featured_image_src_square":null,"_links":{"self":[{"href":"https:\/\/psykologvirke.no\/en\/wp-json\/wp\/v2\/pages\/537","targetHints":{"allow":["GET"]}}],"collection":[{"href":"https:\/\/psykologvirke.no\/en\/wp-json\/wp\/v2\/pages"}],"about":[{"href":"https:\/\/psykologvirke.no\/en\/wp-json\/wp\/v2\/types\/page"}],"author":[{"embeddable":true,"href":"https:\/\/psykologvirke.no\/en\/wp-json\/wp\/v2\/users\/1"}],"replies":[{"embeddable":true,"href":"https:\/\/psykologvirke.no\/en\/wp-json\/wp\/v2\/comments?post=537"}],"version-history":[{"count":0,"href":"https:\/\/psykologvirke.no\/en\/wp-json\/wp\/v2\/pages\/537\/revisions"}],"up":[{"embeddable":true,"href":"https:\/\/psykologvirke.no\/en\/wp-json\/wp\/v2\/pages\/48"}],"wp:attachment":[{"href":"https:\/\/psykologvirke.no\/en\/wp-json\/wp\/v2\/media?parent=537"}],"wp:term":[{"taxonomy":"terapiretning","embeddable":true,"href":"https:\/\/psykologvirke.no\/en\/wp-json\/wp\/v2\/terapiretning?post=537"},{"taxonomy":"tidspunkter","embeddable":true,"href":"https:\/\/psykologvirke.no\/en\/wp-json\/wp\/v2\/tidspunkter?post=537"},{"taxonomy":"tjeneste","embeddable":true,"href":"https:\/\/psykologvirke.no\/en\/wp-json\/wp\/v2\/tjeneste?post=537"}],"curies":[{"name":"wp","href":"https:\/\/api.w.org\/{rel}","templated":true}]}}