{"id":988,"date":"2017-10-15T10:27:21","date_gmt":"2017-10-15T08:27:21","guid":{"rendered":"https:\/\/psykologvirke.wpengine.com\/?page_id=988"},"modified":"2026-04-10T13:32:12","modified_gmt":"2026-04-10T11:32:12","slug":"kvittering-ny","status":"publish","type":"page","link":"https:\/\/psykologvirke.no\/en\/make-an-appointment\/receipt-new\/","title":{"rendered":"Receipt"},"content":{"rendered":"<div data-elementor-type=\"wp-page\" data-elementor-id=\"988\" class=\"elementor elementor-988\" data-elementor-post-type=\"page\">\n\t\t\t\t<div class=\"elementor-element elementor-element-3c36c50b e-flex e-con-boxed e-con e-parent\" data-id=\"3c36c50b\" data-element_type=\"container\" data-e-type=\"container\">\n\t\t\t\t\t<div class=\"e-con-inner\">\n\t\t\t\t<div class=\"elementor-element elementor-element-3b2b21f9 elementor-widget elementor-widget-text-editor\" data-id=\"3b2b21f9\" data-element_type=\"widget\" data-e-type=\"widget\" data-widget_type=\"text-editor.default\">\n\t\t\t\t<div class=\"elementor-widget-container\">\n\t\t\t\t\t\t\t\t\t<h2>Thanks for the order! We look forward to meeting you.<\/h2>\n<ul>\n<li>Confirmation with further information has been sent by email. You will not receive an SMS reminder about the class.<\/li>\n<li>Select your therapist on the display when you call. You will come straight into the waiting room when you leave the elevator. Sit down and have a cup of coffee, and I will pick you up when the session starts.<\/li>\n<li><span style=\"font-family: var( --e-global-typography-text-font-family ), lato; font-weight: var( --e-global-typography-text-font-weight ); text-align: var(--text-align);\">All changes to your order are made <\/span><a style=\"font-size: 18px; font-family: var( --e-global-typography-text-font-family ), lato; text-align: var(--text-align); background-color: #fcf5ee;\" href=\"https:\/\/booking.konfidens.no\/my-bookings\/\">via link you received by email<\/a><span style=\"font-family: var( --e-global-typography-text-font-family ), lato; font-weight: var( --e-global-typography-text-font-weight ); text-align: var(--text-align);\">.<\/span><\/li>\n<li>You can also contact your therapist directly by emailing &quot;fornavn&quot;@psykologvirke.no.<\/li>\n<li>Didn&#039;t receive an email? Contact us at post@psykologvirke.no<\/li>\n<\/ul>\t\t\t\t\t\t\t\t<\/div>\n\t\t\t\t<\/div>\n\t\t\t\t\t<\/div>\n\t\t\t\t<\/div>\n\t\t<div class=\"elementor-element elementor-element-3510151 e-flex e-con-boxed e-con e-parent\" data-id=\"3510151\" data-element_type=\"container\" data-e-type=\"container\">\n\t\t\t\t\t<div class=\"e-con-inner\">\n\t\t\t\t<div class=\"elementor-element elementor-element-8f1459c elementor-widget elementor-widget-heading\" data-id=\"8f1459c\" data-element_type=\"widget\" data-e-type=\"widget\" data-widget_type=\"heading.default\">\n\t\t\t\t<div class=\"elementor-widget-container\">\n\t\t\t\t\t<h2 class=\"elementor-heading-title elementor-size-default\">Where will you meet?<\/h2>\t\t\t\t<\/div>\n\t\t\t\t<\/div>\n\t\t\t\t<div class=\"elementor-element elementor-element-41a5481 elementor-widget elementor-widget-heading\" data-id=\"41a5481\" data-element_type=\"widget\" data-e-type=\"widget\" data-widget_type=\"heading.default\">\n\t\t\t\t<div class=\"elementor-widget-container\">\n\t\t\t\t\t<p class=\"elementor-heading-title elementor-size-default\">We have two different offices in the city centre, so note which office and which floor your psychologist is on:<\/p>\t\t\t\t<\/div>\n\t\t\t\t<\/div>\n\t\t\t\t\t<\/div>\n\t\t\t\t<\/div>\n\t\t<div class=\"elementor-element elementor-element-b0e6c60 e-flex e-con-boxed e-con e-parent\" data-id=\"b0e6c60\" data-element_type=\"container\" data-e-type=\"container\">\n\t\t\t\t\t<div class=\"e-con-inner\">\n\t\t<div class=\"elementor-element elementor-element-e72fbc1 e-con-full e-flex e-con e-child\" data-id=\"e72fbc1\" data-element_type=\"container\" data-e-type=\"container\">\n\t\t\t\t<div class=\"elementor-element elementor-element-9a8107b elementor-widget elementor-widget-heading\" data-id=\"9a8107b\" data-element_type=\"widget\" data-e-type=\"widget\" data-widget_type=\"heading.default\">\n\t\t\t\t<div class=\"elementor-widget-container\">\n\t\t\t\t\t<h3 class=\"elementor-heading-title elementor-size-default\"><b>Akersgata 1<\/b><\/h3>\t\t\t\t<\/div>\n\t\t\t\t<\/div>\n\t\t\t\t<div class=\"elementor-element elementor-element-e97e530 elementor-widget elementor-widget-text-editor\" data-id=\"e97e530\" data-element_type=\"widget\" data-e-type=\"widget\" data-widget_type=\"text-editor.default\">\n\t\t\t\t<div class=\"elementor-widget-container\">\n\t\t\t\t\t\t\t\t\t<p>\u00a0<\/p><ul><li><span style=\"text-align: var(--text-align);\">Anniken Lervik S\u00f8rengen<\/span><\/li><li><span style=\"text-align: var(--text-align);\">Alexander Petersen\u00a0<\/span><\/li><li>Birk Berggrav Refsum<\/li><li>Nora Nord Clearing (Friday)<\/li><li>Camilla \u00d8yhus<\/li><li>Christian Aarup Skeie<\/li><li>Daniel Willumstad Gunstveit<\/li><li>Else Sofie \u00c5rdalen<\/li><li>Ellen Sofie Hovland Austad<\/li><li>Halvor Stavland<\/li><li>Hilde Walderhaug Goks\u00f8yr<\/li><li>Henriette Bull Hove<\/li><li>Ivar Goks\u00f8yr<\/li><li>Jonas Sharma-Bakkevig<\/li><li>Julie Barrie<\/li><li>Jens Emil Thunold Furu (Wednesday and Thursday)<\/li><li>Kim Dahlby<\/li><li>Kristin Haraldsd\u00f3ttir Aspelund<\/li><li>Maja Wilhelmina Dragland<\/li><li>Nils Eivind Holth Landr\u00f8<\/li><li>\u00d8ystein N\u00f8dtvedt<\/li><li>Per Gudmundson<\/li><li>Pia Lunde<\/li><li>Anders Solem<\/li><li>Inger-Johanne Borch Rove<\/li><li>Dimitrij Samoilow<\/li><li>Regine N. Larsen<\/li><li>Sindre Kvithyld Aasli<\/li><li>Stine Morris Haslund<\/li><\/ul>\t\t\t\t\t\t\t\t<\/div>\n\t\t\t\t<\/div>\n\t\t\t\t<\/div>\n\t\t<div class=\"elementor-element elementor-element-5b80841 e-con-full e-flex e-con e-child\" data-id=\"5b80841\" data-element_type=\"container\" data-e-type=\"container\">\n\t\t\t\t<div class=\"elementor-element elementor-element-a1ba761 elementor-widget elementor-widget-heading\" data-id=\"a1ba761\" data-element_type=\"widget\" data-e-type=\"widget\" data-widget_type=\"heading.default\">\n\t\t\t\t<div class=\"elementor-widget-container\">\n\t\t\t\t\t<h3 class=\"elementor-heading-title elementor-size-default\"><a href=\"https:\/\/g.co\/kgs\/w3pVz9p\">Nedre vollgate 1 (Traumesenteret)<\/a><\/h3>\t\t\t\t<\/div>\n\t\t\t\t<\/div>\n\t\t\t\t<div class=\"elementor-element elementor-element-caeade9 elementor-widget elementor-widget-text-editor\" data-id=\"caeade9\" data-element_type=\"widget\" data-e-type=\"widget\" data-widget_type=\"text-editor.default\">\n\t\t\t\t<div class=\"elementor-widget-container\">\n\t\t\t\t\t\t\t\t\t<p><b>5th floor:<\/b><\/p><ul><li>Akiah Ottesen<\/li><li>Ida K. Holth<\/li><li>Kristina Hasle Mo<\/li><li>Nora Nord Clearing (Thursday)<\/li><li>Jens Emil Thunold Furu (Monday, Tuesday and Friday)<\/li><li>Veslem\u00f8y Merton<\/li><li>Emma Johnson<\/li><li>Martin Langvik Eilertsen<\/li><\/ul>\t\t\t\t\t\t\t\t<\/div>\n\t\t\t\t<\/div>\n\t\t\t\t<\/div>\n\t\t\t\t\t<\/div>\n\t\t\t\t<\/div>\n\t\t\t\t<\/div>","protected":false},"excerpt":{"rendered":"<p>Takk for bestillingen!\u00a0Vi ser frem til \u00e5 treffe deg. Bekreftelse med ytterligere informasjon er sendt p\u00e5 mail. Du f\u00e5r ingen sms p\u00e5minnelse om timen. Velg din terapeut p\u00e5 displayet n\u00e5r du ringer p\u00e5. Du kommer rett inn til venterommet n\u00e5r du forlater heisen. Sett deg&nbsp;<a class=\"read-more\" href=\"https:\/\/psykologvirke.no\/en\/make-an-appointment\/receipt-new\/\">\u2026<\/a><\/p>","protected":false},"author":1,"featured_media":0,"parent":198,"menu_order":0,"comment_status":"closed","ping_status":"closed","template":"elementor_header_footer","meta":{"_acf_changed":false,"footnotes":""},"terapiretning":[],"tidspunkter":[],"tjeneste":[],"class_list":["post-988","page","type-page","status-publish","hentry"],"acf":[],"yoast_head":"<!-- This site is optimized with the Yoast SEO Premium plugin v25.1 (Yoast SEO v27.5) - https:\/\/yoast.com\/product\/yoast-seo-premium-wordpress\/ -->\n<title>Kvittering - Privat psykolog Oslo sentrum - Psykologvirke<\/title>\n<meta name=\"robots\" content=\"index, follow, max-snippet:-1, max-image-preview:large, max-video-preview:-1\" \/>\n<link rel=\"canonical\" href=\"https:\/\/psykologvirke.no\/en\/bestill-time\/kvittering-ny\/\" \/>\n<meta property=\"og:locale\" content=\"en_GB\" \/>\n<meta property=\"og:type\" content=\"article\" \/>\n<meta property=\"og:title\" content=\"Kvittering\" \/>\n<meta property=\"og:description\" content=\"Takk for bestillingen!\u00a0Vi ser frem til \u00e5 treffe deg. Bekreftelse med ytterligere informasjon er sendt p\u00e5 mail. Du f\u00e5r ingen sms p\u00e5minnelse om timen. Velg din terapeut p\u00e5 displayet n\u00e5r du ringer p\u00e5. Du kommer rett inn til venterommet n\u00e5r du forlater heisen. Sett deg&nbsp;&hellip;\" \/>\n<meta property=\"og:url\" content=\"https:\/\/psykologvirke.no\/en\/bestill-time\/kvittering-ny\/\" \/>\n<meta property=\"og:site_name\" content=\"Privat psykolog Oslo sentrum - Psykologvirke\" \/>\n<meta property=\"article:publisher\" content=\"https:\/\/www.facebook.com\/psykologvirke\" \/>\n<meta property=\"article:modified_time\" content=\"2026-04-10T11:32:12+00:00\" \/>\n<meta property=\"og:image\" content=\"https:\/\/psykologvirke.no\/wp-content\/uploads\/2023\/11\/Privat-psykolog-oslo-sentrum-kontor-2-transformed-1.png\" \/>\n\t<meta property=\"og:image:width\" content=\"596\" \/>\n\t<meta property=\"og:image:height\" content=\"350\" \/>\n\t<meta property=\"og:image:type\" content=\"image\/png\" \/>\n<meta name=\"twitter:card\" content=\"summary_large_image\" \/>\n<meta name=\"twitter:label1\" content=\"Estimated reading time\" \/>\n\t<meta name=\"twitter:data1\" content=\"2 minutes\" \/>\n<script type=\"application\/ld+json\" class=\"yoast-schema-graph\">{\"@context\":\"https:\\\/\\\/schema.org\",\"@graph\":[{\"@type\":\"WebPage\",\"@id\":\"https:\\\/\\\/psykologvirke.no\\\/bestill-time\\\/kvittering-ny\\\/\",\"url\":\"https:\\\/\\\/psykologvirke.no\\\/bestill-time\\\/kvittering-ny\\\/\",\"name\":\"Kvittering - Privat psykolog Oslo sentrum - Psykologvirke\",\"isPartOf\":{\"@id\":\"https:\\\/\\\/psykologvirke.no\\\/#website\"},\"datePublished\":\"2017-10-15T08:27:21+00:00\",\"dateModified\":\"2026-04-10T11:32:12+00:00\",\"breadcrumb\":{\"@id\":\"https:\\\/\\\/psykologvirke.no\\\/bestill-time\\\/kvittering-ny\\\/#breadcrumb\"},\"inLanguage\":\"en-GB\",\"potentialAction\":[{\"@type\":\"ReadAction\",\"target\":[\"https:\\\/\\\/psykologvirke.no\\\/bestill-time\\\/kvittering-ny\\\/\"]}]},{\"@type\":\"BreadcrumbList\",\"@id\":\"https:\\\/\\\/psykologvirke.no\\\/bestill-time\\\/kvittering-ny\\\/#breadcrumb\",\"itemListElement\":[{\"@type\":\"ListItem\",\"position\":1,\"name\":\"Hjem\",\"item\":\"https:\\\/\\\/psykologvirke.no\\\/\"},{\"@type\":\"ListItem\",\"position\":2,\"name\":\"Bestill psykologtime &#8211; enkel online booking\",\"item\":\"https:\\\/\\\/psykologvirke.no\\\/bestill-time\\\/\"},{\"@type\":\"ListItem\",\"position\":3,\"name\":\"Kvittering\"}]},{\"@type\":\"WebSite\",\"@id\":\"https:\\\/\\\/psykologvirke.no\\\/#website\",\"url\":\"https:\\\/\\\/psykologvirke.no\\\/\",\"name\":\"Privat psykolog i Oslo sentrum - Psykologvirke\",\"description\":\"Privat psykolog Oslo sentrum\",\"publisher\":{\"@id\":\"https:\\\/\\\/psykologvirke.no\\\/#organization\"},\"potentialAction\":[{\"@type\":\"SearchAction\",\"target\":{\"@type\":\"EntryPoint\",\"urlTemplate\":\"https:\\\/\\\/psykologvirke.no\\\/?s={search_term_string}\"},\"query-input\":{\"@type\":\"PropertyValueSpecification\",\"valueRequired\":true,\"valueName\":\"search_term_string\"}}],\"inLanguage\":\"en-GB\"},{\"@type\":\"Organization\",\"@id\":\"https:\\\/\\\/psykologvirke.no\\\/#organization\",\"name\":\"Psykologvirke\",\"url\":\"https:\\\/\\\/psykologvirke.no\\\/\",\"logo\":{\"@type\":\"ImageObject\",\"inLanguage\":\"en-GB\",\"@id\":\"https:\\\/\\\/psykologvirke.no\\\/#\\\/schema\\\/logo\\\/image\\\/\",\"url\":\"https:\\\/\\\/psykologvirke.no\\\/wp-content\\\/uploads\\\/2022\\\/07\\\/logo-stacked-psykolgovirke.png\",\"contentUrl\":\"https:\\\/\\\/psykologvirke.no\\\/wp-content\\\/uploads\\\/2022\\\/07\\\/logo-stacked-psykolgovirke.png\",\"width\":273,\"height\":288,\"caption\":\"Psykologvirke\"},\"image\":{\"@id\":\"https:\\\/\\\/psykologvirke.no\\\/#\\\/schema\\\/logo\\\/image\\\/\"},\"sameAs\":[\"https:\\\/\\\/www.facebook.com\\\/psykologvirke\"]}]}<\/script>\n<!-- \/ Yoast SEO Premium plugin. -->","yoast_head_json":{"title":"Receipt - Private psychologist Oslo center - Psykologvirke","robots":{"index":"index","follow":"follow","max-snippet":"max-snippet:-1","max-image-preview":"max-image-preview:large","max-video-preview":"max-video-preview:-1"},"canonical":"https:\/\/psykologvirke.no\/en\/bestill-time\/kvittering-ny\/","og_locale":"en_GB","og_type":"article","og_title":"Kvittering","og_description":"Takk for bestillingen!\u00a0Vi ser frem til \u00e5 treffe deg. Bekreftelse med ytterligere informasjon er sendt p\u00e5 mail. Du f\u00e5r ingen sms p\u00e5minnelse om timen. Velg din terapeut p\u00e5 displayet n\u00e5r du ringer p\u00e5. Du kommer rett inn til venterommet n\u00e5r du forlater heisen. Sett deg&nbsp;&hellip;","og_url":"https:\/\/psykologvirke.no\/en\/bestill-time\/kvittering-ny\/","og_site_name":"Privat psykolog Oslo sentrum - Psykologvirke","article_publisher":"https:\/\/www.facebook.com\/psykologvirke","article_modified_time":"2026-04-10T11:32:12+00:00","og_image":[{"width":596,"height":350,"url":"https:\/\/psykologvirke.no\/wp-content\/uploads\/2023\/11\/Privat-psykolog-oslo-sentrum-kontor-2-transformed-1.png","type":"image\/png"}],"twitter_card":"summary_large_image","twitter_misc":{"Estimated reading time":"2 minutes"},"schema":{"@context":"https:\/\/schema.org","@graph":[{"@type":"WebPage","@id":"https:\/\/psykologvirke.no\/bestill-time\/kvittering-ny\/","url":"https:\/\/psykologvirke.no\/bestill-time\/kvittering-ny\/","name":"Receipt - Private psychologist Oslo center - Psykologvirke","isPartOf":{"@id":"https:\/\/psykologvirke.no\/#website"},"datePublished":"2017-10-15T08:27:21+00:00","dateModified":"2026-04-10T11:32:12+00:00","breadcrumb":{"@id":"https:\/\/psykologvirke.no\/bestill-time\/kvittering-ny\/#breadcrumb"},"inLanguage":"en-GB","potentialAction":[{"@type":"ReadAction","target":["https:\/\/psykologvirke.no\/bestill-time\/kvittering-ny\/"]}]},{"@type":"BreadcrumbList","@id":"https:\/\/psykologvirke.no\/bestill-time\/kvittering-ny\/#breadcrumb","itemListElement":[{"@type":"ListItem","position":1,"name":"Hjem","item":"https:\/\/psykologvirke.no\/"},{"@type":"ListItem","position":2,"name":"Bestill psykologtime &#8211; enkel online booking","item":"https:\/\/psykologvirke.no\/bestill-time\/"},{"@type":"ListItem","position":3,"name":"Kvittering"}]},{"@type":"WebSite","@id":"https:\/\/psykologvirke.no\/#website","url":"https:\/\/psykologvirke.no\/","name":"Private psychologist in central Oslo - Psychological work","description":"Private psychologist Oslo centre","publisher":{"@id":"https:\/\/psykologvirke.no\/#organization"},"potentialAction":[{"@type":"SearchAction","target":{"@type":"EntryPoint","urlTemplate":"https:\/\/psykologvirke.no\/?s={search_term_string}"},"query-input":{"@type":"PropertyValueSpecification","valueRequired":true,"valueName":"search_term_string"}}],"inLanguage":"en-GB"},{"@type":"Organization","@id":"https:\/\/psykologvirke.no\/#organization","name":"Psykologvirke","url":"https:\/\/psykologvirke.no\/","logo":{"@type":"ImageObject","inLanguage":"en-GB","@id":"https:\/\/psykologvirke.no\/#\/schema\/logo\/image\/","url":"https:\/\/psykologvirke.no\/wp-content\/uploads\/2022\/07\/logo-stacked-psykolgovirke.png","contentUrl":"https:\/\/psykologvirke.no\/wp-content\/uploads\/2022\/07\/logo-stacked-psykolgovirke.png","width":273,"height":288,"caption":"Psykologvirke"},"image":{"@id":"https:\/\/psykologvirke.no\/#\/schema\/logo\/image\/"},"sameAs":["https:\/\/www.facebook.com\/psykologvirke"]}]}},"featured_image_src":null,"featured_image_src_square":null,"_links":{"self":[{"href":"https:\/\/psykologvirke.no\/en\/wp-json\/wp\/v2\/pages\/988","targetHints":{"allow":["GET"]}}],"collection":[{"href":"https:\/\/psykologvirke.no\/en\/wp-json\/wp\/v2\/pages"}],"about":[{"href":"https:\/\/psykologvirke.no\/en\/wp-json\/wp\/v2\/types\/page"}],"author":[{"embeddable":true,"href":"https:\/\/psykologvirke.no\/en\/wp-json\/wp\/v2\/users\/1"}],"replies":[{"embeddable":true,"href":"https:\/\/psykologvirke.no\/en\/wp-json\/wp\/v2\/comments?post=988"}],"version-history":[{"count":0,"href":"https:\/\/psykologvirke.no\/en\/wp-json\/wp\/v2\/pages\/988\/revisions"}],"up":[{"embeddable":true,"href":"https:\/\/psykologvirke.no\/en\/wp-json\/wp\/v2\/pages\/198"}],"wp:attachment":[{"href":"https:\/\/psykologvirke.no\/en\/wp-json\/wp\/v2\/media?parent=988"}],"wp:term":[{"taxonomy":"terapiretning","embeddable":true,"href":"https:\/\/psykologvirke.no\/en\/wp-json\/wp\/v2\/terapiretning?post=988"},{"taxonomy":"tidspunkter","embeddable":true,"href":"https:\/\/psykologvirke.no\/en\/wp-json\/wp\/v2\/tidspunkter?post=988"},{"taxonomy":"tjeneste","embeddable":true,"href":"https:\/\/psykologvirke.no\/en\/wp-json\/wp\/v2\/tjeneste?post=988"}],"curies":[{"name":"wp","href":"https:\/\/api.w.org\/{rel}","templated":true}]}}